{"id":1875,"date":"2023-05-25T05:18:21","date_gmt":"2023-05-25T05:18:21","guid":{"rendered":"https:\/\/fcfn.org\/?page_id=1875"},"modified":"2023-07-27T17:34:08","modified_gmt":"2023-07-27T17:34:08","slug":"fondos-de-inversion-social","status":"publish","type":"page","link":"https:\/\/fcfn.org\/en\/fondos-de-inversion-social\/","title":{"rendered":"Fondos de Inversi\u00f3n Social"},"content":{"rendered":"<div data-elementor-type=\"wp-post\" data-elementor-id=\"1875\" class=\"elementor elementor-1875\" data-elementor-post-type=\"page\">\n\t\t\t\t\t\t<section class=\"elementor-section elementor-top-section elementor-element elementor-element-5ed20551 elementor-section-height-min-height elementor-section-boxed elementor-section-height-default elementor-section-items-middle\" data-id=\"5ed20551\" data-element_type=\"section\" data-settings=\"{&quot;background_background&quot;:&quot;classic&quot;,&quot;jet_parallax_layout_list&quot;:[]}\">\n\t\t\t\t\t\t<div class=\"elementor-container elementor-column-gap-default\">\n\t\t\t\t\t<div class=\"elementor-column elementor-col-100 elementor-top-column elementor-element elementor-element-5cda4747\" data-id=\"5cda4747\" data-element_type=\"column\">\n\t\t\t<div class=\"elementor-widget-wrap elementor-element-populated\">\n\t\t\t\t\t\t<div class=\"elementor-element elementor-element-4c675bcc elementor-widget elementor-widget-heading\" data-id=\"4c675bcc\" data-element_type=\"widget\" data-widget_type=\"heading.default\">\n\t\t\t\t<div class=\"elementor-widget-container\">\n\t\t\t\t\t<h1 class=\"elementor-heading-title elementor-size-default\">Fondos de Inversi\u00f3n Social<\/h1>\t\t\t\t<\/div>\n\t\t\t\t<\/div>\n\t\t\t\t\t<\/div>\n\t\t<\/div>\n\t\t\t\t\t<\/div>\n\t\t<\/section>\n\t\t\t\t<section class=\"elementor-section elementor-top-section elementor-element elementor-element-7ddb2664 elementor-section-content-middle elementor-section-boxed elementor-section-height-default elementor-section-height-default\" data-id=\"7ddb2664\" data-element_type=\"section\" data-settings=\"{&quot;jet_parallax_layout_list&quot;:[]}\">\n\t\t\t\t\t\t<div class=\"elementor-container elementor-column-gap-default\">\n\t\t\t\t\t<div class=\"elementor-column elementor-col-50 elementor-top-column elementor-element elementor-element-3528e067\" data-id=\"3528e067\" data-element_type=\"column\">\n\t\t\t<div class=\"elementor-widget-wrap elementor-element-populated\">\n\t\t\t\t\t\t<div class=\"elementor-element elementor-element-2530d85f elementor-widget-divider--view-line elementor-widget elementor-widget-divider\" data-id=\"2530d85f\" data-element_type=\"widget\" data-widget_type=\"divider.default\">\n\t\t\t\t<div class=\"elementor-widget-container\">\n\t\t\t\t\t\t\t<div class=\"elementor-divider\">\n\t\t\t<span class=\"elementor-divider-separator\">\n\t\t\t\t\t\t<\/span>\n\t\t<\/div>\n\t\t\t\t\t\t<\/div>\n\t\t\t\t<\/div>\n\t\t\t\t<div class=\"elementor-element elementor-element-bd3b383 elementor-widget elementor-widget-image\" data-id=\"bd3b383\" data-element_type=\"widget\" data-widget_type=\"image.default\">\n\t\t\t\t<div class=\"elementor-widget-container\">\n\t\t\t\t\t\t\t\t\t\t\t\t\t\t\t<img fetchpriority=\"high\" decoding=\"async\" width=\"1024\" height=\"280\" src=\"https:\/\/fcfn.org\/wp-content\/uploads\/2023\/05\/Fondos-de-inversion.png\" class=\"attachment-full size-full wp-image-1756\" alt=\"\" srcset=\"https:\/\/fcfn.org\/wp-content\/uploads\/2023\/05\/Fondos-de-inversion.png 1024w, https:\/\/fcfn.org\/wp-content\/uploads\/2023\/05\/Fondos-de-inversion-300x82.png 300w, https:\/\/fcfn.org\/wp-content\/uploads\/2023\/05\/Fondos-de-inversion-768x210.png 768w\" sizes=\"(max-width: 1024px) 100vw, 1024px\" \/>\t\t\t\t\t\t\t\t\t\t\t\t\t\t\t<\/div>\n\t\t\t\t<\/div>\n\t\t\t\t\t<\/div>\n\t\t<\/div>\n\t\t\t\t<div class=\"elementor-column elementor-col-50 elementor-top-column elementor-element elementor-element-1b4cf71a\" data-id=\"1b4cf71a\" data-element_type=\"column\">\n\t\t\t<div class=\"elementor-widget-wrap elementor-element-populated\">\n\t\t\t\t\t\t<div class=\"elementor-element elementor-element-7a5a3140 elementor-widget__width-inherit elementor-widget elementor-widget-text-editor\" data-id=\"7a5a3140\" data-element_type=\"widget\" data-widget_type=\"text-editor.default\">\n\t\t\t\t<div class=\"elementor-widget-container\">\n\t\t\t\t\t\t\t\t\tEn la Fundaci\u00f3n Comunitaria de la Frontera Norte buscamos establecer alianzas con organizaciones de la sociedad civil o emprendedores sociales que compartan nuestros valores y objetivos para hacer frente a los desaf\u00edos que enfrenta Ciudad Ju\u00e1rez. Con este fin, ofrecemos un servicio de apoyo a causas y proyectos sociales a trav\u00e9s de la creaci\u00f3n de fondos de inversi\u00f3n social.\n<br><br>\nSi eres un donante privado o una organizaci\u00f3n de la sociedad civil que comparte nuestra visi\u00f3n y tiene un proyecto que est\u00e9 alineado con nuestro objeto social, te invitamos a establecer un fondo de inversi\u00f3n social con nosotros. Juntos, podremos impulsar iniciativas que promuevan la cohesi\u00f3n social, la participaci\u00f3n ciudadana y la justicia social en nuestra ciudad.\n<br><br>\nCon un fondo de inversi\u00f3n social de la Fundaci\u00f3n Comunitaria de la Frontera Norte tienes la seguridad que los fondos que destines a tu casa son gestionados con total transparencia y cumpliendo todas las disposiciones fiscales. \n<br><br>\n<b>Si est\u00e1s interesado en abrir un fondo de inversi\u00f3n social con nosotros, conoce nuestras pol\u00edticas de operaci\u00f3n y cont\u00e1ctanos a trav\u00e9s del correo electr\u00f3nico <a href=\"mailto:hola@fcfn.org\">hola@fcfn.org<\/a>.<\/b>\t\t\t\t\t\t\t\t<\/div>\n\t\t\t\t<\/div>\n\t\t\t\t\t<\/div>\n\t\t<\/div>\n\t\t\t\t\t<\/div>\n\t\t<\/section>\n\t\t\t\t<\/div>","protected":false},"excerpt":{"rendered":"<p>Fondos de Inversi\u00f3n Social En la Fundaci\u00f3n Comunitaria de la Frontera Norte buscamos establecer alianzas con organizaciones de la sociedad civil o emprendedores sociales que compartan nuestros valores y objetivos para hacer frente a los desaf\u00edos que enfrenta Ciudad Ju\u00e1rez. Con este fin, ofrecemos un servicio de apoyo a causas y proyectos sociales a trav\u00e9s [&hellip;]<\/p>","protected":false},"author":3,"featured_media":0,"parent":0,"menu_order":0,"comment_status":"closed","ping_status":"closed","template":"elementor_header_footer","meta":{"footnotes":""},"class_list":["post-1875","page","type-page","status-publish","hentry"],"yoast_head":"<!-- This site is optimized with the Yoast SEO plugin v26.6 - https:\/\/yoast.com\/wordpress\/plugins\/seo\/ -->\n<title>Fondos de Inversi\u00f3n Social - Fundaci\u00f3n Comunitaria de la Frontera Norte, A.C.<\/title>\n<meta name=\"robots\" content=\"index, follow, max-snippet:-1, max-image-preview:large, max-video-preview:-1\" \/>\n<link rel=\"canonical\" href=\"https:\/\/fcfn.org\/en\/fondos-de-inversion-social\/\" \/>\n<meta property=\"og:locale\" content=\"en_US\" \/>\n<meta property=\"og:type\" content=\"article\" \/>\n<meta property=\"og:title\" content=\"Fondos de Inversi\u00f3n Social - Fundaci\u00f3n Comunitaria de la Frontera Norte, A.C.\" \/>\n<meta property=\"og:description\" content=\"Fondos de Inversi\u00f3n Social En la Fundaci\u00f3n Comunitaria de la Frontera Norte buscamos establecer alianzas con organizaciones de la sociedad civil o emprendedores sociales que compartan nuestros valores y objetivos para hacer frente a los desaf\u00edos que enfrenta Ciudad Ju\u00e1rez. Con este fin, ofrecemos un servicio de apoyo a causas y proyectos sociales a trav\u00e9s [&hellip;]\" \/>\n<meta property=\"og:url\" content=\"https:\/\/fcfn.org\/en\/fondos-de-inversion-social\/\" \/>\n<meta property=\"og:site_name\" content=\"Fundaci\u00f3n Comunitaria de la Frontera Norte, A.C.\" \/>\n<meta property=\"article:modified_time\" content=\"2023-07-27T17:34:08+00:00\" \/>\n<meta property=\"og:image\" content=\"http:\/\/fcfn.org\/wp-content\/uploads\/2023\/05\/Fondos-de-inversion.png\" \/>\n<meta name=\"twitter:card\" content=\"summary_large_image\" \/>\n<meta name=\"twitter:label1\" content=\"Est. reading time\" \/>\n\t<meta name=\"twitter:data1\" content=\"1 minute\" \/>\n<script type=\"application\/ld+json\" class=\"yoast-schema-graph\">{\"@context\":\"https:\/\/schema.org\",\"@graph\":[{\"@type\":\"WebPage\",\"@id\":\"https:\/\/fcfn.org\/en\/fondos-de-inversion-social\/\",\"url\":\"https:\/\/fcfn.org\/en\/fondos-de-inversion-social\/\",\"name\":\"Fondos de Inversi\u00f3n Social - Fundaci\u00f3n Comunitaria de la Frontera Norte, A.C.\",\"isPartOf\":{\"@id\":\"https:\/\/fcfn.org\/en\/#website\"},\"primaryImageOfPage\":{\"@id\":\"https:\/\/fcfn.org\/en\/fondos-de-inversion-social\/#primaryimage\"},\"image\":{\"@id\":\"https:\/\/fcfn.org\/en\/fondos-de-inversion-social\/#primaryimage\"},\"thumbnailUrl\":\"http:\/\/fcfn.org\/wp-content\/uploads\/2023\/05\/Fondos-de-inversion.png\",\"datePublished\":\"2023-05-25T05:18:21+00:00\",\"dateModified\":\"2023-07-27T17:34:08+00:00\",\"breadcrumb\":{\"@id\":\"https:\/\/fcfn.org\/en\/fondos-de-inversion-social\/#breadcrumb\"},\"inLanguage\":\"en-US\",\"potentialAction\":[{\"@type\":\"ReadAction\",\"target\":[\"https:\/\/fcfn.org\/en\/fondos-de-inversion-social\/\"]}]},{\"@type\":\"ImageObject\",\"inLanguage\":\"en-US\",\"@id\":\"https:\/\/fcfn.org\/en\/fondos-de-inversion-social\/#primaryimage\",\"url\":\"http:\/\/fcfn.org\/wp-content\/uploads\/2023\/05\/Fondos-de-inversion.png\",\"contentUrl\":\"http:\/\/fcfn.org\/wp-content\/uploads\/2023\/05\/Fondos-de-inversion.png\"},{\"@type\":\"BreadcrumbList\",\"@id\":\"https:\/\/fcfn.org\/en\/fondos-de-inversion-social\/#breadcrumb\",\"itemListElement\":[{\"@type\":\"ListItem\",\"position\":1,\"name\":\"Inicio\",\"item\":\"https:\/\/fcfn.org\/\"},{\"@type\":\"ListItem\",\"position\":2,\"name\":\"Fondos de Inversi\u00f3n Social\"}]},{\"@type\":\"WebSite\",\"@id\":\"https:\/\/fcfn.org\/en\/#website\",\"url\":\"https:\/\/fcfn.org\/en\/\",\"name\":\"Fundaci\u00f3n Comunitaria de la Frontera Norte, A.C.\",\"description\":\"Fundaci\u00f3n Comunitaria de la Frontera Norte, A.C.\",\"publisher\":{\"@id\":\"https:\/\/fcfn.org\/en\/#organization\"},\"potentialAction\":[{\"@type\":\"SearchAction\",\"target\":{\"@type\":\"EntryPoint\",\"urlTemplate\":\"https:\/\/fcfn.org\/en\/?s={search_term_string}\"},\"query-input\":{\"@type\":\"PropertyValueSpecification\",\"valueRequired\":true,\"valueName\":\"search_term_string\"}}],\"inLanguage\":\"en-US\"},{\"@type\":\"Organization\",\"@id\":\"https:\/\/fcfn.org\/en\/#organization\",\"name\":\"Fundaci\u00f3n Comunitaria de la Frontera Norte, A.C.\",\"url\":\"https:\/\/fcfn.org\/en\/\",\"logo\":{\"@type\":\"ImageObject\",\"inLanguage\":\"en-US\",\"@id\":\"https:\/\/fcfn.org\/en\/#\/schema\/logo\/image\/\",\"url\":\"https:\/\/fcfn.org\/wp-content\/uploads\/2023\/04\/Logo_FCNF.jpg\",\"contentUrl\":\"https:\/\/fcfn.org\/wp-content\/uploads\/2023\/04\/Logo_FCNF.jpg\",\"width\":1050,\"height\":964,\"caption\":\"Fundaci\u00f3n Comunitaria de la Frontera Norte, A.C.\"},\"image\":{\"@id\":\"https:\/\/fcfn.org\/en\/#\/schema\/logo\/image\/\"}}]}<\/script>\n<!-- \/ Yoast SEO plugin. -->","yoast_head_json":{"title":"Fondos de Inversi\u00f3n Social - Fundaci\u00f3n Comunitaria de la Frontera Norte, A.C.","robots":{"index":"index","follow":"follow","max-snippet":"max-snippet:-1","max-image-preview":"max-image-preview:large","max-video-preview":"max-video-preview:-1"},"canonical":"https:\/\/fcfn.org\/en\/fondos-de-inversion-social\/","og_locale":"en_US","og_type":"article","og_title":"Fondos de Inversi\u00f3n Social - Fundaci\u00f3n Comunitaria de la Frontera Norte, A.C.","og_description":"Fondos de Inversi\u00f3n Social En la Fundaci\u00f3n Comunitaria de la Frontera Norte buscamos establecer alianzas con organizaciones de la sociedad civil o emprendedores sociales que compartan nuestros valores y objetivos para hacer frente a los desaf\u00edos que enfrenta Ciudad Ju\u00e1rez. Con este fin, ofrecemos un servicio de apoyo a causas y proyectos sociales a trav\u00e9s [&hellip;]","og_url":"https:\/\/fcfn.org\/en\/fondos-de-inversion-social\/","og_site_name":"Fundaci\u00f3n Comunitaria de la Frontera Norte, A.C.","article_modified_time":"2023-07-27T17:34:08+00:00","og_image":[{"url":"http:\/\/fcfn.org\/wp-content\/uploads\/2023\/05\/Fondos-de-inversion.png","type":"","width":"","height":""}],"twitter_card":"summary_large_image","twitter_misc":{"Est. reading time":"1 minute"},"schema":{"@context":"https:\/\/schema.org","@graph":[{"@type":"WebPage","@id":"https:\/\/fcfn.org\/en\/fondos-de-inversion-social\/","url":"https:\/\/fcfn.org\/en\/fondos-de-inversion-social\/","name":"Fondos de Inversi\u00f3n Social - Fundaci\u00f3n Comunitaria de la Frontera Norte, A.C.","isPartOf":{"@id":"https:\/\/fcfn.org\/en\/#website"},"primaryImageOfPage":{"@id":"https:\/\/fcfn.org\/en\/fondos-de-inversion-social\/#primaryimage"},"image":{"@id":"https:\/\/fcfn.org\/en\/fondos-de-inversion-social\/#primaryimage"},"thumbnailUrl":"http:\/\/fcfn.org\/wp-content\/uploads\/2023\/05\/Fondos-de-inversion.png","datePublished":"2023-05-25T05:18:21+00:00","dateModified":"2023-07-27T17:34:08+00:00","breadcrumb":{"@id":"https:\/\/fcfn.org\/en\/fondos-de-inversion-social\/#breadcrumb"},"inLanguage":"en-US","potentialAction":[{"@type":"ReadAction","target":["https:\/\/fcfn.org\/en\/fondos-de-inversion-social\/"]}]},{"@type":"ImageObject","inLanguage":"en-US","@id":"https:\/\/fcfn.org\/en\/fondos-de-inversion-social\/#primaryimage","url":"http:\/\/fcfn.org\/wp-content\/uploads\/2023\/05\/Fondos-de-inversion.png","contentUrl":"http:\/\/fcfn.org\/wp-content\/uploads\/2023\/05\/Fondos-de-inversion.png"},{"@type":"BreadcrumbList","@id":"https:\/\/fcfn.org\/en\/fondos-de-inversion-social\/#breadcrumb","itemListElement":[{"@type":"ListItem","position":1,"name":"Inicio","item":"https:\/\/fcfn.org\/"},{"@type":"ListItem","position":2,"name":"Fondos de Inversi\u00f3n Social"}]},{"@type":"WebSite","@id":"https:\/\/fcfn.org\/en\/#website","url":"https:\/\/fcfn.org\/en\/","name":"Fundaci\u00f3n Comunitaria de la Frontera Norte, A.C.","description":"Fundaci\u00f3n Comunitaria de la Frontera Norte, A.C.","publisher":{"@id":"https:\/\/fcfn.org\/en\/#organization"},"potentialAction":[{"@type":"SearchAction","target":{"@type":"EntryPoint","urlTemplate":"https:\/\/fcfn.org\/en\/?s={search_term_string}"},"query-input":{"@type":"PropertyValueSpecification","valueRequired":true,"valueName":"search_term_string"}}],"inLanguage":"en-US"},{"@type":"Organization","@id":"https:\/\/fcfn.org\/en\/#organization","name":"Fundaci\u00f3n Comunitaria de la Frontera Norte, A.C.","url":"https:\/\/fcfn.org\/en\/","logo":{"@type":"ImageObject","inLanguage":"en-US","@id":"https:\/\/fcfn.org\/en\/#\/schema\/logo\/image\/","url":"https:\/\/fcfn.org\/wp-content\/uploads\/2023\/04\/Logo_FCNF.jpg","contentUrl":"https:\/\/fcfn.org\/wp-content\/uploads\/2023\/04\/Logo_FCNF.jpg","width":1050,"height":964,"caption":"Fundaci\u00f3n Comunitaria de la Frontera Norte, A.C."},"image":{"@id":"https:\/\/fcfn.org\/en\/#\/schema\/logo\/image\/"}}]}},"_links":{"self":[{"href":"https:\/\/fcfn.org\/en\/wp-json\/wp\/v2\/pages\/1875","targetHints":{"allow":["GET"]}}],"collection":[{"href":"https:\/\/fcfn.org\/en\/wp-json\/wp\/v2\/pages"}],"about":[{"href":"https:\/\/fcfn.org\/en\/wp-json\/wp\/v2\/types\/page"}],"author":[{"embeddable":true,"href":"https:\/\/fcfn.org\/en\/wp-json\/wp\/v2\/users\/3"}],"replies":[{"embeddable":true,"href":"https:\/\/fcfn.org\/en\/wp-json\/wp\/v2\/comments?post=1875"}],"version-history":[{"count":45,"href":"https:\/\/fcfn.org\/en\/wp-json\/wp\/v2\/pages\/1875\/revisions"}],"predecessor-version":[{"id":2478,"href":"https:\/\/fcfn.org\/en\/wp-json\/wp\/v2\/pages\/1875\/revisions\/2478"}],"wp:attachment":[{"href":"https:\/\/fcfn.org\/en\/wp-json\/wp\/v2\/media?parent=1875"}],"curies":[{"name":"wp","href":"https:\/\/api.w.org\/{rel}","templated":true}]}}