{"id":1900,"date":"2023-05-25T05:39:55","date_gmt":"2023-05-25T05:39:55","guid":{"rendered":"https:\/\/fcfn.org\/?page_id=1900"},"modified":"2023-07-27T17:27:05","modified_gmt":"2023-07-27T17:27:05","slug":"comunidades-juarez","status":"publish","type":"page","link":"https:\/\/fcfn.org\/en\/comunidades-juarez\/","title":{"rendered":"Comunidades Ju\u00e1rez"},"content":{"rendered":"<div data-elementor-type=\"wp-post\" data-elementor-id=\"1900\" class=\"elementor elementor-1900\" data-elementor-post-type=\"page\">\n\t\t\t\t\t\t<section class=\"elementor-section elementor-top-section elementor-element elementor-element-70f423d4 elementor-section-height-min-height elementor-section-boxed elementor-section-height-default elementor-section-items-middle\" data-id=\"70f423d4\" data-element_type=\"section\" data-settings=\"{&quot;background_background&quot;:&quot;classic&quot;,&quot;jet_parallax_layout_list&quot;:[]}\">\n\t\t\t\t\t\t<div class=\"elementor-container elementor-column-gap-default\">\n\t\t\t\t\t<div class=\"elementor-column elementor-col-100 elementor-top-column elementor-element elementor-element-72186726\" data-id=\"72186726\" data-element_type=\"column\">\n\t\t\t<div class=\"elementor-widget-wrap elementor-element-populated\">\n\t\t\t\t\t\t<div class=\"elementor-element elementor-element-6d2dbf28 elementor-widget elementor-widget-heading\" data-id=\"6d2dbf28\" data-element_type=\"widget\" data-widget_type=\"heading.default\">\n\t\t\t\t<div class=\"elementor-widget-container\">\n\t\t\t\t\t<h1 class=\"elementor-heading-title elementor-size-default\">Comunidades Ju\u00e1rez<\/h1>\t\t\t\t<\/div>\n\t\t\t\t<\/div>\n\t\t\t\t\t<\/div>\n\t\t<\/div>\n\t\t\t\t\t<\/div>\n\t\t<\/section>\n\t\t\t\t<section class=\"elementor-section elementor-top-section elementor-element elementor-element-7ddb2664 elementor-section-content-middle elementor-section-boxed elementor-section-height-default elementor-section-height-default\" data-id=\"7ddb2664\" data-element_type=\"section\" data-settings=\"{&quot;jet_parallax_layout_list&quot;:[]}\">\n\t\t\t\t\t\t<div class=\"elementor-container elementor-column-gap-default\">\n\t\t\t\t\t<div class=\"elementor-column elementor-col-50 elementor-top-column elementor-element elementor-element-3528e067\" data-id=\"3528e067\" data-element_type=\"column\">\n\t\t\t<div class=\"elementor-widget-wrap elementor-element-populated\">\n\t\t\t\t\t\t<div class=\"elementor-element elementor-element-2530d85f elementor-widget-divider--view-line elementor-widget elementor-widget-divider\" data-id=\"2530d85f\" data-element_type=\"widget\" data-widget_type=\"divider.default\">\n\t\t\t\t<div class=\"elementor-widget-container\">\n\t\t\t\t\t\t\t<div class=\"elementor-divider\">\n\t\t\t<span class=\"elementor-divider-separator\">\n\t\t\t\t\t\t<\/span>\n\t\t<\/div>\n\t\t\t\t\t\t<\/div>\n\t\t\t\t<\/div>\n\t\t\t\t<div class=\"elementor-element elementor-element-bd3b383 elementor-widget elementor-widget-image\" data-id=\"bd3b383\" data-element_type=\"widget\" data-widget_type=\"image.default\">\n\t\t\t\t<div class=\"elementor-widget-container\">\n\t\t\t\t\t\t\t\t\t\t\t\t\t\t\t<img fetchpriority=\"high\" decoding=\"async\" width=\"1000\" height=\"1000\" src=\"https:\/\/fcfn.org\/wp-content\/uploads\/2023\/05\/COM-LOGO.png\" class=\"attachment-full size-full wp-image-1758\" alt=\"\" srcset=\"https:\/\/fcfn.org\/wp-content\/uploads\/2023\/05\/COM-LOGO.png 1000w, https:\/\/fcfn.org\/wp-content\/uploads\/2023\/05\/COM-LOGO-300x300.png 300w, https:\/\/fcfn.org\/wp-content\/uploads\/2023\/05\/COM-LOGO-150x150.png 150w, https:\/\/fcfn.org\/wp-content\/uploads\/2023\/05\/COM-LOGO-768x768.png 768w\" sizes=\"(max-width: 1000px) 100vw, 1000px\" \/>\t\t\t\t\t\t\t\t\t\t\t\t\t\t\t<\/div>\n\t\t\t\t<\/div>\n\t\t\t\t\t<\/div>\n\t\t<\/div>\n\t\t\t\t<div class=\"elementor-column elementor-col-50 elementor-top-column elementor-element elementor-element-1b4cf71a\" data-id=\"1b4cf71a\" data-element_type=\"column\">\n\t\t\t<div class=\"elementor-widget-wrap elementor-element-populated\">\n\t\t\t\t\t\t<div class=\"elementor-element elementor-element-7a5a3140 elementor-widget__width-inherit elementor-widget elementor-widget-text-editor\" data-id=\"7a5a3140\" data-element_type=\"widget\" data-widget_type=\"text-editor.default\">\n\t\t\t\t<div class=\"elementor-widget-container\">\n\t\t\t\t\t\t\t\t\tEl proyecto \u201cFortalecimiento del capital social y reducci\u00f3n de los \u00edndices de riesgo social en el suroriente de Ju\u00e1rez, 2021 2022\u201d inici\u00f3 operaciones en el mes de octubre de 2021, tras la aprobaci\u00f3n y subvenci\u00f3n de la Fundaci\u00f3n del Empresariado Chihuahuense, el primer a\u00f1o de intervenci\u00f3n finaliz\u00f3 en septiembre de 2022. Encabezado administrativamente por la Fundaci\u00f3n Comunitaria de la Frontera Norte, A.C. (FCFN), en\nconjunto con otras organizaciones de la sociedad civil: Arte en el Parque, A.C.; Cehl\u00edder, A.C.; Desaf\u00edo, A.C.; Ju\u00e1rez Limpio, A.C., y Plan Estrat\u00e9gico de Ju\u00e1rez, A.C., colaboraron por primera vez en la ejecuci\u00f3n de un proyecto \u00fanico en el que, de manera estrat\u00e9gica y coordinada, se sumaron capacidades institucionales y se adquirieron compromisos de acci\u00f3n orientados a transformar los modelos comunitarios de las y los habitantes del suroriente de la ciudad.\n\n<br><br>\nTerritorialmente la iniciativa se desarroll\u00f3 en el pol\u00edgono demarcado por el bulevar Independencia, las avenidas Manuel Talam\u00e1s Camandari, Santiago Troncoso y la calle Paseo de San Isidro, compuesto por 16 colonias y fraccionamientos con una extensi\u00f3n de 15 AGEBS, definidos inicialmente al considerar un radio de impacto con centro de inter\u00e9s el edificio Educare y al examinar las problem\u00e1ticas, carencias, necesidades reales y\nsentidas de aproximadamente 74 046 habitantes, seg\u00fan datos del INEGI, a partir de una investigaci\u00f3n documental y el desarrollo de un diagn\u00f3stico situacional conformado por datos sociodemogr\u00e1ficos y activos de la zona.\n\n<br><br>\n\u201cComunidades Ju\u00e1rez: participa, imagina, construye\u201d como se denomin\u00f3 institucionalmente al proyecto, desde su fase de dise\u00f1o se planific\u00f3 con un enfoque multidimensional, articulador e integral sumando estrat\u00e9gicamente los campos de acci\u00f3n de cada una de las organizaciones y \u00e1reas que lo componen. Cada una de ellas posee cualidades particulares con el potencial para abonar desde sus visiones, misiones, capacidades, habilidades y experiencias a la b\u00fasqueda de un prop\u00f3sito com\u00fan: fortalecer y consolidar un capital social de base que contribuya a que las y los miembros de la comunidad generen las condiciones necesarias para su desarrollo y bienestar.\n\n<br><br>\nSe busca impulsar diferentes procesos con la comunidad que incluyen la activaci\u00f3n ciudadana, procesos de formaci\u00f3n para la participaci\u00f3n ciudadana y el voluntariado, acciones de mejora del entorno, capacitaci\u00f3n para el empleo y emprendimiento, uso positivo del tiempo libre a trav\u00e9s del arte y la cultura, entre otras. No obstante, se intervendr\u00e1n espacios particulares con actividades y temas concretos seg\u00fan las necesidades de la zona y su poblaci\u00f3n (ni\u00f1os y ni\u00f1as, j\u00f3venes, adultos, mujeres, etc.).\n\n<br><br>\nPara asegurar el \u00e9xito de una intervenci\u00f3n integral se debe operar con organizaciones expertas en las tem\u00e1ticas prioritarias. Las organizaciones aliadas cuentan con m\u00e1s de 20 a\u00f1os de experiencia, reconocimiento de l\u00edderes ciudadanos, empresarios, acad\u00e9micos y pol\u00edticos, que respaldan su profesionalismo, conocimiento y compromiso.\t\t\t\t\t\t\t\t<\/div>\n\t\t\t\t<\/div>\n\t\t\t\t\t<\/div>\n\t\t<\/div>\n\t\t\t\t\t<\/div>\n\t\t<\/section>\n\t\t\t\t<\/div>","protected":false},"excerpt":{"rendered":"<p>Comunidades Ju\u00e1rez El proyecto \u201cFortalecimiento del capital social y reducci\u00f3n de los \u00edndices de riesgo social en el suroriente de Ju\u00e1rez, 2021 2022\u201d inici\u00f3 operaciones en el mes de octubre de 2021, tras la aprobaci\u00f3n y subvenci\u00f3n de la Fundaci\u00f3n del Empresariado Chihuahuense, el primer a\u00f1o de intervenci\u00f3n finaliz\u00f3 en septiembre de 2022. Encabezado administrativamente [&hellip;]<\/p>","protected":false},"author":3,"featured_media":0,"parent":0,"menu_order":0,"comment_status":"closed","ping_status":"closed","template":"elementor_header_footer","meta":{"footnotes":""},"class_list":["post-1900","page","type-page","status-publish","hentry"],"yoast_head":"<!-- This site is optimized with the Yoast SEO plugin v26.6 - https:\/\/yoast.com\/wordpress\/plugins\/seo\/ -->\n<title>Comunidades Ju\u00e1rez - Fundaci\u00f3n Comunitaria de la Frontera Norte, A.C.<\/title>\n<meta name=\"robots\" content=\"index, follow, max-snippet:-1, max-image-preview:large, max-video-preview:-1\" \/>\n<link rel=\"canonical\" href=\"https:\/\/fcfn.org\/en\/comunidades-juarez\/\" \/>\n<meta property=\"og:locale\" content=\"en_US\" \/>\n<meta property=\"og:type\" content=\"article\" \/>\n<meta property=\"og:title\" content=\"Comunidades Ju\u00e1rez - Fundaci\u00f3n Comunitaria de la Frontera Norte, A.C.\" \/>\n<meta property=\"og:description\" content=\"Comunidades Ju\u00e1rez El proyecto \u201cFortalecimiento del capital social y reducci\u00f3n de los \u00edndices de riesgo social en el suroriente de Ju\u00e1rez, 2021 2022\u201d inici\u00f3 operaciones en el mes de octubre de 2021, tras la aprobaci\u00f3n y subvenci\u00f3n de la Fundaci\u00f3n del Empresariado Chihuahuense, el primer a\u00f1o de intervenci\u00f3n finaliz\u00f3 en septiembre de 2022. Encabezado administrativamente [&hellip;]\" \/>\n<meta property=\"og:url\" content=\"https:\/\/fcfn.org\/en\/comunidades-juarez\/\" \/>\n<meta property=\"og:site_name\" content=\"Fundaci\u00f3n Comunitaria de la Frontera Norte, A.C.\" \/>\n<meta property=\"article:modified_time\" content=\"2023-07-27T17:27:05+00:00\" \/>\n<meta property=\"og:image\" content=\"http:\/\/fcfn.org\/wp-content\/uploads\/2023\/05\/COM-LOGO.png\" \/>\n<meta name=\"twitter:card\" content=\"summary_large_image\" \/>\n<meta name=\"twitter:label1\" content=\"Est. reading time\" \/>\n\t<meta name=\"twitter:data1\" content=\"2 minutes\" \/>\n<script type=\"application\/ld+json\" class=\"yoast-schema-graph\">{\"@context\":\"https:\/\/schema.org\",\"@graph\":[{\"@type\":\"WebPage\",\"@id\":\"https:\/\/fcfn.org\/en\/comunidades-juarez\/\",\"url\":\"https:\/\/fcfn.org\/en\/comunidades-juarez\/\",\"name\":\"Comunidades Ju\u00e1rez - Fundaci\u00f3n Comunitaria de la Frontera Norte, A.C.\",\"isPartOf\":{\"@id\":\"https:\/\/fcfn.org\/en\/#website\"},\"primaryImageOfPage\":{\"@id\":\"https:\/\/fcfn.org\/en\/comunidades-juarez\/#primaryimage\"},\"image\":{\"@id\":\"https:\/\/fcfn.org\/en\/comunidades-juarez\/#primaryimage\"},\"thumbnailUrl\":\"http:\/\/fcfn.org\/wp-content\/uploads\/2023\/05\/COM-LOGO.png\",\"datePublished\":\"2023-05-25T05:39:55+00:00\",\"dateModified\":\"2023-07-27T17:27:05+00:00\",\"breadcrumb\":{\"@id\":\"https:\/\/fcfn.org\/en\/comunidades-juarez\/#breadcrumb\"},\"inLanguage\":\"en-US\",\"potentialAction\":[{\"@type\":\"ReadAction\",\"target\":[\"https:\/\/fcfn.org\/en\/comunidades-juarez\/\"]}]},{\"@type\":\"ImageObject\",\"inLanguage\":\"en-US\",\"@id\":\"https:\/\/fcfn.org\/en\/comunidades-juarez\/#primaryimage\",\"url\":\"http:\/\/fcfn.org\/wp-content\/uploads\/2023\/05\/COM-LOGO.png\",\"contentUrl\":\"http:\/\/fcfn.org\/wp-content\/uploads\/2023\/05\/COM-LOGO.png\"},{\"@type\":\"BreadcrumbList\",\"@id\":\"https:\/\/fcfn.org\/en\/comunidades-juarez\/#breadcrumb\",\"itemListElement\":[{\"@type\":\"ListItem\",\"position\":1,\"name\":\"Inicio\",\"item\":\"https:\/\/fcfn.org\/\"},{\"@type\":\"ListItem\",\"position\":2,\"name\":\"Comunidades Ju\u00e1rez\"}]},{\"@type\":\"WebSite\",\"@id\":\"https:\/\/fcfn.org\/en\/#website\",\"url\":\"https:\/\/fcfn.org\/en\/\",\"name\":\"Fundaci\u00f3n Comunitaria de la Frontera Norte, A.C.\",\"description\":\"Fundaci\u00f3n Comunitaria de la Frontera Norte, A.C.\",\"publisher\":{\"@id\":\"https:\/\/fcfn.org\/en\/#organization\"},\"potentialAction\":[{\"@type\":\"SearchAction\",\"target\":{\"@type\":\"EntryPoint\",\"urlTemplate\":\"https:\/\/fcfn.org\/en\/?s={search_term_string}\"},\"query-input\":{\"@type\":\"PropertyValueSpecification\",\"valueRequired\":true,\"valueName\":\"search_term_string\"}}],\"inLanguage\":\"en-US\"},{\"@type\":\"Organization\",\"@id\":\"https:\/\/fcfn.org\/en\/#organization\",\"name\":\"Fundaci\u00f3n Comunitaria de la Frontera Norte, A.C.\",\"url\":\"https:\/\/fcfn.org\/en\/\",\"logo\":{\"@type\":\"ImageObject\",\"inLanguage\":\"en-US\",\"@id\":\"https:\/\/fcfn.org\/en\/#\/schema\/logo\/image\/\",\"url\":\"https:\/\/fcfn.org\/wp-content\/uploads\/2023\/04\/Logo_FCNF.jpg\",\"contentUrl\":\"https:\/\/fcfn.org\/wp-content\/uploads\/2023\/04\/Logo_FCNF.jpg\",\"width\":1050,\"height\":964,\"caption\":\"Fundaci\u00f3n Comunitaria de la Frontera Norte, A.C.\"},\"image\":{\"@id\":\"https:\/\/fcfn.org\/en\/#\/schema\/logo\/image\/\"}}]}<\/script>\n<!-- \/ Yoast SEO plugin. -->","yoast_head_json":{"title":"Comunidades Ju\u00e1rez - Fundaci\u00f3n Comunitaria de la Frontera Norte, A.C.","robots":{"index":"index","follow":"follow","max-snippet":"max-snippet:-1","max-image-preview":"max-image-preview:large","max-video-preview":"max-video-preview:-1"},"canonical":"https:\/\/fcfn.org\/en\/comunidades-juarez\/","og_locale":"en_US","og_type":"article","og_title":"Comunidades Ju\u00e1rez - Fundaci\u00f3n Comunitaria de la Frontera Norte, A.C.","og_description":"Comunidades Ju\u00e1rez El proyecto \u201cFortalecimiento del capital social y reducci\u00f3n de los \u00edndices de riesgo social en el suroriente de Ju\u00e1rez, 2021 2022\u201d inici\u00f3 operaciones en el mes de octubre de 2021, tras la aprobaci\u00f3n y subvenci\u00f3n de la Fundaci\u00f3n del Empresariado Chihuahuense, el primer a\u00f1o de intervenci\u00f3n finaliz\u00f3 en septiembre de 2022. Encabezado administrativamente [&hellip;]","og_url":"https:\/\/fcfn.org\/en\/comunidades-juarez\/","og_site_name":"Fundaci\u00f3n Comunitaria de la Frontera Norte, A.C.","article_modified_time":"2023-07-27T17:27:05+00:00","og_image":[{"url":"http:\/\/fcfn.org\/wp-content\/uploads\/2023\/05\/COM-LOGO.png","type":"","width":"","height":""}],"twitter_card":"summary_large_image","twitter_misc":{"Est. reading time":"2 minutes"},"schema":{"@context":"https:\/\/schema.org","@graph":[{"@type":"WebPage","@id":"https:\/\/fcfn.org\/en\/comunidades-juarez\/","url":"https:\/\/fcfn.org\/en\/comunidades-juarez\/","name":"Comunidades Ju\u00e1rez - Fundaci\u00f3n Comunitaria de la Frontera Norte, A.C.","isPartOf":{"@id":"https:\/\/fcfn.org\/en\/#website"},"primaryImageOfPage":{"@id":"https:\/\/fcfn.org\/en\/comunidades-juarez\/#primaryimage"},"image":{"@id":"https:\/\/fcfn.org\/en\/comunidades-juarez\/#primaryimage"},"thumbnailUrl":"http:\/\/fcfn.org\/wp-content\/uploads\/2023\/05\/COM-LOGO.png","datePublished":"2023-05-25T05:39:55+00:00","dateModified":"2023-07-27T17:27:05+00:00","breadcrumb":{"@id":"https:\/\/fcfn.org\/en\/comunidades-juarez\/#breadcrumb"},"inLanguage":"en-US","potentialAction":[{"@type":"ReadAction","target":["https:\/\/fcfn.org\/en\/comunidades-juarez\/"]}]},{"@type":"ImageObject","inLanguage":"en-US","@id":"https:\/\/fcfn.org\/en\/comunidades-juarez\/#primaryimage","url":"http:\/\/fcfn.org\/wp-content\/uploads\/2023\/05\/COM-LOGO.png","contentUrl":"http:\/\/fcfn.org\/wp-content\/uploads\/2023\/05\/COM-LOGO.png"},{"@type":"BreadcrumbList","@id":"https:\/\/fcfn.org\/en\/comunidades-juarez\/#breadcrumb","itemListElement":[{"@type":"ListItem","position":1,"name":"Inicio","item":"https:\/\/fcfn.org\/"},{"@type":"ListItem","position":2,"name":"Comunidades Ju\u00e1rez"}]},{"@type":"WebSite","@id":"https:\/\/fcfn.org\/en\/#website","url":"https:\/\/fcfn.org\/en\/","name":"Fundaci\u00f3n Comunitaria de la Frontera Norte, A.C.","description":"Fundaci\u00f3n Comunitaria de la Frontera Norte, A.C.","publisher":{"@id":"https:\/\/fcfn.org\/en\/#organization"},"potentialAction":[{"@type":"SearchAction","target":{"@type":"EntryPoint","urlTemplate":"https:\/\/fcfn.org\/en\/?s={search_term_string}"},"query-input":{"@type":"PropertyValueSpecification","valueRequired":true,"valueName":"search_term_string"}}],"inLanguage":"en-US"},{"@type":"Organization","@id":"https:\/\/fcfn.org\/en\/#organization","name":"Fundaci\u00f3n Comunitaria de la Frontera Norte, A.C.","url":"https:\/\/fcfn.org\/en\/","logo":{"@type":"ImageObject","inLanguage":"en-US","@id":"https:\/\/fcfn.org\/en\/#\/schema\/logo\/image\/","url":"https:\/\/fcfn.org\/wp-content\/uploads\/2023\/04\/Logo_FCNF.jpg","contentUrl":"https:\/\/fcfn.org\/wp-content\/uploads\/2023\/04\/Logo_FCNF.jpg","width":1050,"height":964,"caption":"Fundaci\u00f3n Comunitaria de la Frontera Norte, A.C."},"image":{"@id":"https:\/\/fcfn.org\/en\/#\/schema\/logo\/image\/"}}]}},"_links":{"self":[{"href":"https:\/\/fcfn.org\/en\/wp-json\/wp\/v2\/pages\/1900","targetHints":{"allow":["GET"]}}],"collection":[{"href":"https:\/\/fcfn.org\/en\/wp-json\/wp\/v2\/pages"}],"about":[{"href":"https:\/\/fcfn.org\/en\/wp-json\/wp\/v2\/types\/page"}],"author":[{"embeddable":true,"href":"https:\/\/fcfn.org\/en\/wp-json\/wp\/v2\/users\/3"}],"replies":[{"embeddable":true,"href":"https:\/\/fcfn.org\/en\/wp-json\/wp\/v2\/comments?post=1900"}],"version-history":[{"count":23,"href":"https:\/\/fcfn.org\/en\/wp-json\/wp\/v2\/pages\/1900\/revisions"}],"predecessor-version":[{"id":2469,"href":"https:\/\/fcfn.org\/en\/wp-json\/wp\/v2\/pages\/1900\/revisions\/2469"}],"wp:attachment":[{"href":"https:\/\/fcfn.org\/en\/wp-json\/wp\/v2\/media?parent=1900"}],"curies":[{"name":"wp","href":"https:\/\/api.w.org\/{rel}","templated":true}]}}