{"id":1917,"date":"2023-05-25T05:46:02","date_gmt":"2023-05-25T05:46:02","guid":{"rendered":"https:\/\/fcfn.org\/?page_id=1917"},"modified":"2023-08-11T21:20:59","modified_gmt":"2023-08-11T21:20:59","slug":"desafio","status":"publish","type":"page","link":"https:\/\/fcfn.org\/en\/desafio\/","title":{"rendered":"Desaf\u00edo"},"content":{"rendered":"<div data-elementor-type=\"wp-post\" data-elementor-id=\"1917\" class=\"elementor elementor-1917\" data-elementor-post-type=\"page\">\n\t\t\t\t\t\t<section class=\"elementor-section elementor-top-section elementor-element elementor-element-5ed20551 elementor-section-height-min-height elementor-section-boxed elementor-section-height-default elementor-section-items-middle\" data-id=\"5ed20551\" data-element_type=\"section\" data-settings=\"{&quot;background_background&quot;:&quot;classic&quot;,&quot;jet_parallax_layout_list&quot;:[]}\">\n\t\t\t\t\t\t<div class=\"elementor-container elementor-column-gap-default\">\n\t\t\t\t\t<div class=\"elementor-column elementor-col-100 elementor-top-column elementor-element elementor-element-5cda4747\" data-id=\"5cda4747\" data-element_type=\"column\">\n\t\t\t<div class=\"elementor-widget-wrap elementor-element-populated\">\n\t\t\t\t\t\t<div class=\"elementor-element elementor-element-4c675bcc elementor-widget elementor-widget-heading\" data-id=\"4c675bcc\" data-element_type=\"widget\" data-widget_type=\"heading.default\">\n\t\t\t\t<div class=\"elementor-widget-container\">\n\t\t\t\t\t<h1 class=\"elementor-heading-title elementor-size-default\">Desaf\u00edo<\/h1>\t\t\t\t<\/div>\n\t\t\t\t<\/div>\n\t\t\t\t\t<\/div>\n\t\t<\/div>\n\t\t\t\t\t<\/div>\n\t\t<\/section>\n\t\t\t\t<section class=\"elementor-section elementor-top-section elementor-element elementor-element-7ddb2664 elementor-section-content-middle elementor-section-boxed elementor-section-height-default elementor-section-height-default\" data-id=\"7ddb2664\" data-element_type=\"section\" data-settings=\"{&quot;jet_parallax_layout_list&quot;:[]}\">\n\t\t\t\t\t\t<div class=\"elementor-container elementor-column-gap-default\">\n\t\t\t\t\t<div class=\"elementor-column elementor-col-50 elementor-top-column elementor-element elementor-element-3528e067\" data-id=\"3528e067\" data-element_type=\"column\">\n\t\t\t<div class=\"elementor-widget-wrap elementor-element-populated\">\n\t\t\t\t\t\t<div class=\"elementor-element elementor-element-2530d85f elementor-widget-divider--view-line elementor-widget elementor-widget-divider\" data-id=\"2530d85f\" data-element_type=\"widget\" data-widget_type=\"divider.default\">\n\t\t\t\t<div class=\"elementor-widget-container\">\n\t\t\t\t\t\t\t<div class=\"elementor-divider\">\n\t\t\t<span class=\"elementor-divider-separator\">\n\t\t\t\t\t\t<\/span>\n\t\t<\/div>\n\t\t\t\t\t\t<\/div>\n\t\t\t\t<\/div>\n\t\t\t\t<div class=\"elementor-element elementor-element-bd3b383 elementor-widget elementor-widget-image\" data-id=\"bd3b383\" data-element_type=\"widget\" data-widget_type=\"image.default\">\n\t\t\t\t<div class=\"elementor-widget-container\">\n\t\t\t\t\t\t\t\t\t\t\t\t\t\t\t<img fetchpriority=\"high\" decoding=\"async\" width=\"3300\" height=\"2550\" src=\"https:\/\/fcfn.org\/wp-content\/uploads\/2023\/05\/Desafio-curvas.png\" class=\"attachment-full size-full wp-image-1759\" alt=\"\" srcset=\"https:\/\/fcfn.org\/wp-content\/uploads\/2023\/05\/Desafio-curvas.png 3300w, https:\/\/fcfn.org\/wp-content\/uploads\/2023\/05\/Desafio-curvas-300x232.png 300w, https:\/\/fcfn.org\/wp-content\/uploads\/2023\/05\/Desafio-curvas-1024x791.png 1024w, https:\/\/fcfn.org\/wp-content\/uploads\/2023\/05\/Desafio-curvas-768x593.png 768w, https:\/\/fcfn.org\/wp-content\/uploads\/2023\/05\/Desafio-curvas-1536x1187.png 1536w, https:\/\/fcfn.org\/wp-content\/uploads\/2023\/05\/Desafio-curvas-2048x1583.png 2048w\" sizes=\"(max-width: 3300px) 100vw, 3300px\" \/>\t\t\t\t\t\t\t\t\t\t\t\t\t\t\t<\/div>\n\t\t\t\t<\/div>\n\t\t\t\t\t<\/div>\n\t\t<\/div>\n\t\t\t\t<div class=\"elementor-column elementor-col-50 elementor-top-column elementor-element elementor-element-1b4cf71a\" data-id=\"1b4cf71a\" data-element_type=\"column\">\n\t\t\t<div class=\"elementor-widget-wrap elementor-element-populated\">\n\t\t\t\t\t\t<div class=\"elementor-element elementor-element-7a5a3140 elementor-widget__width-inherit elementor-widget elementor-widget-text-editor\" data-id=\"7a5a3140\" data-element_type=\"widget\" data-widget_type=\"text-editor.default\">\n\t\t\t\t<div class=\"elementor-widget-container\">\n\t\t\t\t\t\t\t\t\tDesaf\u00edo es un modelo de formaci\u00f3n juvenil que desde 2011 ampl\u00eda las oportunidades de\nmovilidad social, empleabilidad y autodesarrollo de j\u00f3venes de 16 a 29 a\u00f1os de edad en situaci\u00f3n vulnerable que no estudian, ni trabajan o que cuentan con trabajos inestables, informales o ilegales y que viven en la zona de la periferia de mayor incidencia delictiva de Ciudad Ju\u00e1rez, fortaleciendo factores de protecci\u00f3n asociados a la violencia y delincuencia, mediante apoyo psicosocial, desarrollo de habilidades para la vida y la empleabilidad a trav\u00e9s del deporte, capacitaci\u00f3n t\u00e9cnica, oportunidades de servir a la comunidad, pr\u00e1cticas y servicios laborales para su inserci\u00f3n en un trabajo formal, en el emprendimiento de un negocio o al regreso a la educaci\u00f3n formal, acortando tambi\u00e9n las brechas psicosociales que impiden su desarrollo.\n<br><br>\nDesaf\u00edo se caracteriza por dinamizar sinergias transformadoras con todos los sectores, mismos que participan de forma directa y diferenciada en las fases y actividades del modelo: organizaciones de la sociedad civil, instituciones educativas p\u00fablicas y privadas, empresas, fundaciones, gobierno y ciudadanos. Hemos impactado directamente la vida de 5,600 j\u00f3venes de los municipios de Ju\u00e1rez, Cuauht\u00e9moc, Parral y Chihuahua, que han transformado sus vidas, insertando al 90% de los egresados en trabajos formales, emprendimiento de negocios o regresaron a la educaci\u00f3n formal, modificando actitudes, conocimientos, comportamientos y capacidades.\n<br><br>\nEl modelo ha sido reconocido y publicado por su contribuci\u00f3n a la empleabilidad juvenil, el empleo digno, a la reducci\u00f3n de la pobreza, a la prevenci\u00f3n de la violencia y delincuencia por la Organizaci\u00f3n Internacional del Trabajo, Nacional Monte de Piedad, la Agencia de Desarrollo Internacional de Estados Unidos, el Centro Nacional de Prevenci\u00f3n del Delito y Participaci\u00f3n Ciudadana del Gobierno Federal, la Acci\u00f3n Ciudadana contra la Pobreza, la Direcci\u00f3n General de Centros de Formaci\u00f3n para el Trabajo, la Universidad Iberoamericana, y el Colectivo Prevenci\u00f3n y Reinserci\u00f3n en Acci\u00f3n. Se ha presentado en diversos paneles y foros especializados como una pr\u00e1ctica exitosa.\t\t\t\t\t\t\t\t<\/div>\n\t\t\t\t<\/div>\n\t\t\t\t\t<\/div>\n\t\t<\/div>\n\t\t\t\t\t<\/div>\n\t\t<\/section>\n\t\t\t\t<\/div>","protected":false},"excerpt":{"rendered":"<p>Desaf\u00edo Desaf\u00edo es un modelo de formaci\u00f3n juvenil que desde 2011 ampl\u00eda las oportunidades de movilidad social, empleabilidad y autodesarrollo de j\u00f3venes de 16 a 29 a\u00f1os de edad en situaci\u00f3n vulnerable que no estudian, ni trabajan o que cuentan con trabajos inestables, informales o ilegales y que viven en la zona de la periferia [&hellip;]<\/p>","protected":false},"author":3,"featured_media":0,"parent":0,"menu_order":0,"comment_status":"closed","ping_status":"closed","template":"elementor_header_footer","meta":{"footnotes":""},"class_list":["post-1917","page","type-page","status-publish","hentry"],"yoast_head":"<!-- This site is optimized with the Yoast SEO plugin v26.6 - https:\/\/yoast.com\/wordpress\/plugins\/seo\/ -->\n<title>Desaf\u00edo - Fundaci\u00f3n Comunitaria de la Frontera Norte, A.C.<\/title>\n<meta name=\"robots\" content=\"index, follow, max-snippet:-1, max-image-preview:large, max-video-preview:-1\" \/>\n<link rel=\"canonical\" href=\"https:\/\/fcfn.org\/en\/desafio\/\" \/>\n<meta property=\"og:locale\" content=\"en_US\" \/>\n<meta property=\"og:type\" content=\"article\" \/>\n<meta property=\"og:title\" content=\"Desaf\u00edo - Fundaci\u00f3n Comunitaria de la Frontera Norte, A.C.\" \/>\n<meta property=\"og:description\" content=\"Desaf\u00edo Desaf\u00edo es un modelo de formaci\u00f3n juvenil que desde 2011 ampl\u00eda las oportunidades de movilidad social, empleabilidad y autodesarrollo de j\u00f3venes de 16 a 29 a\u00f1os de edad en situaci\u00f3n vulnerable que no estudian, ni trabajan o que cuentan con trabajos inestables, informales o ilegales y que viven en la zona de la periferia [&hellip;]\" \/>\n<meta property=\"og:url\" content=\"https:\/\/fcfn.org\/en\/desafio\/\" \/>\n<meta property=\"og:site_name\" content=\"Fundaci\u00f3n Comunitaria de la Frontera Norte, A.C.\" \/>\n<meta property=\"article:modified_time\" content=\"2023-08-11T21:20:59+00:00\" \/>\n<meta property=\"og:image\" content=\"http:\/\/fcfn.org\/wp-content\/uploads\/2023\/05\/Desafio-curvas.png\" \/>\n<meta name=\"twitter:card\" content=\"summary_large_image\" \/>\n<meta name=\"twitter:label1\" content=\"Est. reading time\" \/>\n\t<meta name=\"twitter:data1\" content=\"2 minutes\" \/>\n<script type=\"application\/ld+json\" class=\"yoast-schema-graph\">{\"@context\":\"https:\/\/schema.org\",\"@graph\":[{\"@type\":\"WebPage\",\"@id\":\"https:\/\/fcfn.org\/desafio\/\",\"url\":\"https:\/\/fcfn.org\/desafio\/\",\"name\":\"Desaf\u00edo - Fundaci\u00f3n Comunitaria de la Frontera Norte, A.C.\",\"isPartOf\":{\"@id\":\"https:\/\/fcfn.org\/en\/#website\"},\"primaryImageOfPage\":{\"@id\":\"https:\/\/fcfn.org\/desafio\/#primaryimage\"},\"image\":{\"@id\":\"https:\/\/fcfn.org\/desafio\/#primaryimage\"},\"thumbnailUrl\":\"http:\/\/fcfn.org\/wp-content\/uploads\/2023\/05\/Desafio-curvas.png\",\"datePublished\":\"2023-05-25T05:46:02+00:00\",\"dateModified\":\"2023-08-11T21:20:59+00:00\",\"breadcrumb\":{\"@id\":\"https:\/\/fcfn.org\/desafio\/#breadcrumb\"},\"inLanguage\":\"en-US\",\"potentialAction\":[{\"@type\":\"ReadAction\",\"target\":[\"https:\/\/fcfn.org\/desafio\/\"]}]},{\"@type\":\"ImageObject\",\"inLanguage\":\"en-US\",\"@id\":\"https:\/\/fcfn.org\/desafio\/#primaryimage\",\"url\":\"http:\/\/fcfn.org\/wp-content\/uploads\/2023\/05\/Desafio-curvas.png\",\"contentUrl\":\"http:\/\/fcfn.org\/wp-content\/uploads\/2023\/05\/Desafio-curvas.png\"},{\"@type\":\"BreadcrumbList\",\"@id\":\"https:\/\/fcfn.org\/desafio\/#breadcrumb\",\"itemListElement\":[{\"@type\":\"ListItem\",\"position\":1,\"name\":\"Inicio\",\"item\":\"https:\/\/fcfn.org\/\"},{\"@type\":\"ListItem\",\"position\":2,\"name\":\"Desaf\u00edo\"}]},{\"@type\":\"WebSite\",\"@id\":\"https:\/\/fcfn.org\/en\/#website\",\"url\":\"https:\/\/fcfn.org\/en\/\",\"name\":\"Fundaci\u00f3n Comunitaria de la Frontera Norte, A.C.\",\"description\":\"Fundaci\u00f3n Comunitaria de la Frontera Norte, A.C.\",\"publisher\":{\"@id\":\"https:\/\/fcfn.org\/en\/#organization\"},\"potentialAction\":[{\"@type\":\"SearchAction\",\"target\":{\"@type\":\"EntryPoint\",\"urlTemplate\":\"https:\/\/fcfn.org\/en\/?s={search_term_string}\"},\"query-input\":{\"@type\":\"PropertyValueSpecification\",\"valueRequired\":true,\"valueName\":\"search_term_string\"}}],\"inLanguage\":\"en-US\"},{\"@type\":\"Organization\",\"@id\":\"https:\/\/fcfn.org\/en\/#organization\",\"name\":\"Fundaci\u00f3n Comunitaria de la Frontera Norte, A.C.\",\"url\":\"https:\/\/fcfn.org\/en\/\",\"logo\":{\"@type\":\"ImageObject\",\"inLanguage\":\"en-US\",\"@id\":\"https:\/\/fcfn.org\/en\/#\/schema\/logo\/image\/\",\"url\":\"https:\/\/fcfn.org\/wp-content\/uploads\/2023\/04\/Logo_FCNF.jpg\",\"contentUrl\":\"https:\/\/fcfn.org\/wp-content\/uploads\/2023\/04\/Logo_FCNF.jpg\",\"width\":1050,\"height\":964,\"caption\":\"Fundaci\u00f3n Comunitaria de la Frontera Norte, A.C.\"},\"image\":{\"@id\":\"https:\/\/fcfn.org\/en\/#\/schema\/logo\/image\/\"}}]}<\/script>\n<!-- \/ Yoast SEO plugin. -->","yoast_head_json":{"title":"Desaf\u00edo - Fundaci\u00f3n Comunitaria de la Frontera Norte, A.C.","robots":{"index":"index","follow":"follow","max-snippet":"max-snippet:-1","max-image-preview":"max-image-preview:large","max-video-preview":"max-video-preview:-1"},"canonical":"https:\/\/fcfn.org\/en\/desafio\/","og_locale":"en_US","og_type":"article","og_title":"Desaf\u00edo - Fundaci\u00f3n Comunitaria de la Frontera Norte, A.C.","og_description":"Desaf\u00edo Desaf\u00edo es un modelo de formaci\u00f3n juvenil que desde 2011 ampl\u00eda las oportunidades de movilidad social, empleabilidad y autodesarrollo de j\u00f3venes de 16 a 29 a\u00f1os de edad en situaci\u00f3n vulnerable que no estudian, ni trabajan o que cuentan con trabajos inestables, informales o ilegales y que viven en la zona de la periferia [&hellip;]","og_url":"https:\/\/fcfn.org\/en\/desafio\/","og_site_name":"Fundaci\u00f3n Comunitaria de la Frontera Norte, A.C.","article_modified_time":"2023-08-11T21:20:59+00:00","og_image":[{"url":"http:\/\/fcfn.org\/wp-content\/uploads\/2023\/05\/Desafio-curvas.png","type":"","width":"","height":""}],"twitter_card":"summary_large_image","twitter_misc":{"Est. reading time":"2 minutes"},"schema":{"@context":"https:\/\/schema.org","@graph":[{"@type":"WebPage","@id":"https:\/\/fcfn.org\/desafio\/","url":"https:\/\/fcfn.org\/desafio\/","name":"Desaf\u00edo - Fundaci\u00f3n Comunitaria de la Frontera Norte, A.C.","isPartOf":{"@id":"https:\/\/fcfn.org\/en\/#website"},"primaryImageOfPage":{"@id":"https:\/\/fcfn.org\/desafio\/#primaryimage"},"image":{"@id":"https:\/\/fcfn.org\/desafio\/#primaryimage"},"thumbnailUrl":"http:\/\/fcfn.org\/wp-content\/uploads\/2023\/05\/Desafio-curvas.png","datePublished":"2023-05-25T05:46:02+00:00","dateModified":"2023-08-11T21:20:59+00:00","breadcrumb":{"@id":"https:\/\/fcfn.org\/desafio\/#breadcrumb"},"inLanguage":"en-US","potentialAction":[{"@type":"ReadAction","target":["https:\/\/fcfn.org\/desafio\/"]}]},{"@type":"ImageObject","inLanguage":"en-US","@id":"https:\/\/fcfn.org\/desafio\/#primaryimage","url":"http:\/\/fcfn.org\/wp-content\/uploads\/2023\/05\/Desafio-curvas.png","contentUrl":"http:\/\/fcfn.org\/wp-content\/uploads\/2023\/05\/Desafio-curvas.png"},{"@type":"BreadcrumbList","@id":"https:\/\/fcfn.org\/desafio\/#breadcrumb","itemListElement":[{"@type":"ListItem","position":1,"name":"Inicio","item":"https:\/\/fcfn.org\/"},{"@type":"ListItem","position":2,"name":"Desaf\u00edo"}]},{"@type":"WebSite","@id":"https:\/\/fcfn.org\/en\/#website","url":"https:\/\/fcfn.org\/en\/","name":"Fundaci\u00f3n Comunitaria de la Frontera Norte, A.C.","description":"Fundaci\u00f3n Comunitaria de la Frontera Norte, A.C.","publisher":{"@id":"https:\/\/fcfn.org\/en\/#organization"},"potentialAction":[{"@type":"SearchAction","target":{"@type":"EntryPoint","urlTemplate":"https:\/\/fcfn.org\/en\/?s={search_term_string}"},"query-input":{"@type":"PropertyValueSpecification","valueRequired":true,"valueName":"search_term_string"}}],"inLanguage":"en-US"},{"@type":"Organization","@id":"https:\/\/fcfn.org\/en\/#organization","name":"Fundaci\u00f3n Comunitaria de la Frontera Norte, A.C.","url":"https:\/\/fcfn.org\/en\/","logo":{"@type":"ImageObject","inLanguage":"en-US","@id":"https:\/\/fcfn.org\/en\/#\/schema\/logo\/image\/","url":"https:\/\/fcfn.org\/wp-content\/uploads\/2023\/04\/Logo_FCNF.jpg","contentUrl":"https:\/\/fcfn.org\/wp-content\/uploads\/2023\/04\/Logo_FCNF.jpg","width":1050,"height":964,"caption":"Fundaci\u00f3n Comunitaria de la Frontera Norte, A.C."},"image":{"@id":"https:\/\/fcfn.org\/en\/#\/schema\/logo\/image\/"}}]}},"_links":{"self":[{"href":"https:\/\/fcfn.org\/en\/wp-json\/wp\/v2\/pages\/1917","targetHints":{"allow":["GET"]}}],"collection":[{"href":"https:\/\/fcfn.org\/en\/wp-json\/wp\/v2\/pages"}],"about":[{"href":"https:\/\/fcfn.org\/en\/wp-json\/wp\/v2\/types\/page"}],"author":[{"embeddable":true,"href":"https:\/\/fcfn.org\/en\/wp-json\/wp\/v2\/users\/3"}],"replies":[{"embeddable":true,"href":"https:\/\/fcfn.org\/en\/wp-json\/wp\/v2\/comments?post=1917"}],"version-history":[{"count":18,"href":"https:\/\/fcfn.org\/en\/wp-json\/wp\/v2\/pages\/1917\/revisions"}],"predecessor-version":[{"id":2676,"href":"https:\/\/fcfn.org\/en\/wp-json\/wp\/v2\/pages\/1917\/revisions\/2676"}],"wp:attachment":[{"href":"https:\/\/fcfn.org\/en\/wp-json\/wp\/v2\/media?parent=1917"}],"curies":[{"name":"wp","href":"https:\/\/api.w.org\/{rel}","templated":true}]}}