{"id":2171,"date":"2023-06-13T17:15:03","date_gmt":"2023-06-13T17:15:03","guid":{"rendered":"https:\/\/fcfn.org\/?page_id=2171"},"modified":"2023-07-27T17:47:57","modified_gmt":"2023-07-27T17:47:57","slug":"objeto-social","status":"publish","type":"page","link":"https:\/\/fcfn.org\/en\/objeto-social\/","title":{"rendered":"Objeto Social"},"content":{"rendered":"<div data-elementor-type=\"wp-post\" data-elementor-id=\"2171\" class=\"elementor elementor-2171\" data-elementor-post-type=\"page\">\n\t\t\t\t\t\t<section class=\"elementor-section elementor-top-section elementor-element elementor-element-5c78353d elementor-section-height-min-height elementor-section-boxed elementor-section-height-default elementor-section-items-middle\" data-id=\"5c78353d\" data-element_type=\"section\" data-settings=\"{&quot;background_background&quot;:&quot;classic&quot;,&quot;jet_parallax_layout_list&quot;:[]}\">\n\t\t\t\t\t\t<div class=\"elementor-container elementor-column-gap-default\">\n\t\t\t\t\t<div class=\"elementor-column elementor-col-100 elementor-top-column elementor-element elementor-element-58a02253\" data-id=\"58a02253\" data-element_type=\"column\">\n\t\t\t<div class=\"elementor-widget-wrap elementor-element-populated\">\n\t\t\t\t\t\t<div class=\"elementor-element elementor-element-16e2dbf6 elementor-widget elementor-widget-heading\" data-id=\"16e2dbf6\" data-element_type=\"widget\" data-widget_type=\"heading.default\">\n\t\t\t\t<div class=\"elementor-widget-container\">\n\t\t\t\t\t<h1 class=\"elementor-heading-title elementor-size-default\">Objeto Social<\/h1>\t\t\t\t<\/div>\n\t\t\t\t<\/div>\n\t\t\t\t\t<\/div>\n\t\t<\/div>\n\t\t\t\t\t<\/div>\n\t\t<\/section>\n\t\t\t\t<section class=\"elementor-section elementor-top-section elementor-element elementor-element-297759c8 elementor-section-boxed elementor-section-height-default elementor-section-height-default\" data-id=\"297759c8\" data-element_type=\"section\" data-settings=\"{&quot;jet_parallax_layout_list&quot;:[]}\">\n\t\t\t\t\t\t<div class=\"elementor-container elementor-column-gap-default\">\n\t\t\t\t\t<div class=\"elementor-column elementor-col-100 elementor-top-column elementor-element elementor-element-744a64fa\" data-id=\"744a64fa\" data-element_type=\"column\">\n\t\t\t<div class=\"elementor-widget-wrap elementor-element-populated\">\n\t\t\t\t\t\t<div class=\"elementor-element elementor-element-2867e5ce elementor-widget elementor-widget-text-editor\" data-id=\"2867e5ce\" data-element_type=\"widget\" data-widget_type=\"text-editor.default\">\n\t\t\t\t<div class=\"elementor-widget-container\">\n\t\t\t\t\t\t\t\t\tLa Fundaci\u00f3n Comunitaria de la Frontera Norte es una organizaci\u00f3n sin fines de lucro que tiene como beneficiarios en todas y cada una de las actividades asistenciales que realiza a personas, sectores y regiones de escasos recursos; comunidades ind\u00edgenas y grupos\nvulnerables, por edad, sexo o problemas de discapacidad y tiene por objeto realizar las\nsiguientes actividades:\n<ol type=\"a\">\n \t<li>La atenci\u00f3n a requerimientos b\u00e1sicos de subsistencia en materia de alimentaci\u00f3n,\nvestido o vivienda.<\/li>\n \t<li><b>La asistencia o rehabilitaci\u00f3n m\u00e9dica o a la atenci\u00f3n en establecimientos\nespecializados.<\/b><\/li>\n \t<li>La asistencia jur\u00eddica, el apoyo y la promoci\u00f3n para la tutela de los derechos de los\nmenores, as\u00ed como para la readaptaci\u00f3n social de personas que han llevado a cabo\nconductas il\u00edcitas.<\/li>\n \t<li><b>Orientaci\u00f3n social, educaci\u00f3n o capacitaci\u00f3n para el trabajo. <\/b> Entendiendo por\norientaci\u00f3n social, la asesor\u00eda en materias tales como la familia, la educaci\u00f3n, la\nalimentaci\u00f3n, el trabajo y la salud.<\/li>\n \t<li>Orientaci\u00f3n social, educaci\u00f3n o capacitaci\u00f3n para el trabajo, entre otras, la\natenci\u00f3n o la prevenci\u00f3n de la violencia intrafamiliar para la eliminaci\u00f3n de la explotaci\u00f3n econ\u00f3mica de los ni\u00f1os o del trabajo infantil peligroso en zonas rurales, semiurbanas y urbanas.<\/li>\n \t<li>Brindar a las personas de escasos recursos econ\u00f3micos que se encuentren recibiendo los servicios de la asociaci\u00f3n, y que presenten problem\u00e1tica de conducta o desarrollo, con el debido apoyo a trav\u00e9s de psicoterapia.<\/li>\n \t<li>Fomento de acciones para mejorar la econom\u00eda popular.<\/li>\n \t<li><b>Aportaci\u00f3n de servicios para la atenci\u00f3n a grupos sociales con discapacidad.<\/b><\/li>\n \t<li>La promoci\u00f3n de la participaci\u00f3n organizada de la poblaci\u00f3n en acciones que mejoren sus propias condiciones de subsistencia en beneficio de la comunidad o en acciones en materia de seguridad ciudadana.<\/li>\n \t<li><b>La promoci\u00f3n y difusi\u00f3n de m\u00fasica, artes pl\u00e1sticas, artes dram\u00e1ticas, danza, literatura, arquitectura y cinematograf\u00eda.<\/b><\/li>\n \t<li>Realizar actividades culturales y art\u00edsticas, as\u00ed como formar y apoyar grupos art\u00edsticos y culturales que procuren el esparcimiento de la sociedad en general.<\/li>\n \t<li>Promover, desarrollar y apoyar la formaci\u00f3n de artistas, coordinando esfuerzos\npara la organizaci\u00f3n y funcionamiento de academias y escuelas de arte.<\/li>\n \t<li>Promover y fortalecer el arraigo y la pertenencia a Ciudad Ju\u00e1rez a trav\u00e9s de diferentes actividades.<\/li>\n \t<li><b>Intervenir en la promoci\u00f3n de proyectos de articulaci\u00f3n social.<\/b><\/li>\n \t<li>Establecer y sostener escuelas o instituciones para la capacitaci\u00f3n de l\u00edderes de la comunidad.<\/li>\n \t<li><b>Fundar, patrocinar, sostener y cooperar, en cualquier forma, al establecimiento o sostenimiento de bibliotecas, hemerotecas, museos y exhibiciones abiertas al p\u00fablico.<\/b><\/li>\n \t<li>La concesi\u00f3n de becas o la creaci\u00f3n de bolsas de estudio para que miembros de la comunidad puedan proseguir su formaci\u00f3n educativa y cultural<\/li>\n \t<li><b>Elaborar y llevar a cabo proyectos de mejoras para la comunidad.<\/b><\/li>\n \t<li>Promover entre la poblaci\u00f3n la prevenci\u00f3n y control de la contaminaci\u00f3n del agua, del aire y del suelo, la protecci\u00f3n al ambiente y la preservaci\u00f3n y restauraci\u00f3n del equilibrio ecol\u00f3gico.<\/li>\n \t<li>Promover entre la comunidad y exigir de manera directa ante todo tipo de autoridades de los tres poderes y niveles de gobierno el respeto a la transparencia, la legalidad, la rendici\u00f3n de cuentas en la gesti\u00f3n p\u00fablica gubernamental, la transferencia y el ejercicio legal, equitativo y eficiente del gasto p\u00fablico, as\u00ed como exigir la investigaci\u00f3n y sustanciaci\u00f3n de procesos que determinen la responsabilidad de los servidores p\u00fablicos.<\/li>\n \t<li>Promover entre la comunidad y ejercer de manera directa actividades de contralor\u00eda social respecto de todo tipo de actos administrativos, programas, fondos de Gobierno, contrataciones p\u00fablicas y en general todo ejercicio del gasto\np\u00fablico.<\/li>\n \t<li>Realizar, dirigir, patrocinar y participar en todo tipo de investigaciones, estudios y an\u00e1lisis sobre los m\u00faltiples factores que impactan en la calidad de vida de la comunidad.<\/li>\n \t<li>Promover, impulsar, fomentar y defender legalmente y realizar cualquier actividad l\u00edcita en favor y en defensa de los derechos humanos, principalmente el derecho a la participaci\u00f3n ciudadana, el derecho a la ciudad, el derecho a un medioambiente sano, los derechos culturales y los derechos de los consumidores y los contribuyentes, a trav\u00e9s de todos los medio legales posibles, incluyendo la interposici\u00f3n de litigios o de cualquier clase de demandas ya sea por afectaci\u00f3n directa o por inter\u00e9s leg\u00edtimo, y ante todos los \u00f3rdenes y niveles de Gobierno y los tres poderes, ante cualquier instancia administrativa, de informaci\u00f3n, de queja, impartici\u00f3n de justicia o tribunal, ya sea nacional o internacional, reforzando las directrices de los tratados internacionales de derechos humanos, de tal forma que los derechos sean interpretados de manera que otorguen y favorezcan en todo tiempo a las personas la protecci\u00f3n m\u00e1s amplia y de conformidad con los principios de universalidad, interdependencia, indivisibilidad y progresividad.<\/li>\n<\/ol>\t\t\t\t\t\t\t\t<\/div>\n\t\t\t\t<\/div>\n\t\t\t\t\t<\/div>\n\t\t<\/div>\n\t\t\t\t\t<\/div>\n\t\t<\/section>\n\t\t\t\t<\/div>","protected":false},"excerpt":{"rendered":"<p>Objeto Social La Fundaci\u00f3n Comunitaria de la Frontera Norte es una organizaci\u00f3n sin fines de lucro que tiene como beneficiarios en todas y cada una de las actividades asistenciales que realiza a personas, sectores y regiones de escasos recursos; comunidades ind\u00edgenas y grupos vulnerables, por edad, sexo o problemas de discapacidad y tiene por objeto [&hellip;]<\/p>","protected":false},"author":3,"featured_media":0,"parent":0,"menu_order":0,"comment_status":"closed","ping_status":"closed","template":"elementor_header_footer","meta":{"footnotes":""},"class_list":["post-2171","page","type-page","status-publish","hentry"],"yoast_head":"<!-- This site is optimized with the Yoast SEO plugin v26.6 - https:\/\/yoast.com\/wordpress\/plugins\/seo\/ -->\n<title>Objeto Social - Fundaci\u00f3n Comunitaria de la Frontera Norte, A.C.<\/title>\n<meta name=\"robots\" content=\"index, follow, max-snippet:-1, max-image-preview:large, max-video-preview:-1\" \/>\n<link rel=\"canonical\" href=\"https:\/\/fcfn.org\/en\/objeto-social\/\" \/>\n<meta property=\"og:locale\" content=\"en_US\" \/>\n<meta property=\"og:type\" content=\"article\" \/>\n<meta property=\"og:title\" content=\"Objeto Social - Fundaci\u00f3n Comunitaria de la Frontera Norte, A.C.\" \/>\n<meta property=\"og:description\" content=\"Objeto Social La Fundaci\u00f3n Comunitaria de la Frontera Norte es una organizaci\u00f3n sin fines de lucro que tiene como beneficiarios en todas y cada una de las actividades asistenciales que realiza a personas, sectores y regiones de escasos recursos; comunidades ind\u00edgenas y grupos vulnerables, por edad, sexo o problemas de discapacidad y tiene por objeto [&hellip;]\" \/>\n<meta property=\"og:url\" content=\"https:\/\/fcfn.org\/en\/objeto-social\/\" \/>\n<meta property=\"og:site_name\" content=\"Fundaci\u00f3n Comunitaria de la Frontera Norte, A.C.\" \/>\n<meta property=\"article:modified_time\" content=\"2023-07-27T17:47:57+00:00\" \/>\n<meta name=\"twitter:card\" content=\"summary_large_image\" \/>\n<meta name=\"twitter:label1\" content=\"Est. reading time\" \/>\n\t<meta name=\"twitter:data1\" content=\"4 minutes\" \/>\n<script type=\"application\/ld+json\" class=\"yoast-schema-graph\">{\"@context\":\"https:\/\/schema.org\",\"@graph\":[{\"@type\":\"WebPage\",\"@id\":\"https:\/\/fcfn.org\/en\/objeto-social\/\",\"url\":\"https:\/\/fcfn.org\/en\/objeto-social\/\",\"name\":\"Objeto Social - Fundaci\u00f3n Comunitaria de la Frontera Norte, A.C.\",\"isPartOf\":{\"@id\":\"https:\/\/fcfn.org\/en\/#website\"},\"datePublished\":\"2023-06-13T17:15:03+00:00\",\"dateModified\":\"2023-07-27T17:47:57+00:00\",\"breadcrumb\":{\"@id\":\"https:\/\/fcfn.org\/en\/objeto-social\/#breadcrumb\"},\"inLanguage\":\"en-US\",\"potentialAction\":[{\"@type\":\"ReadAction\",\"target\":[\"https:\/\/fcfn.org\/en\/objeto-social\/\"]}]},{\"@type\":\"BreadcrumbList\",\"@id\":\"https:\/\/fcfn.org\/en\/objeto-social\/#breadcrumb\",\"itemListElement\":[{\"@type\":\"ListItem\",\"position\":1,\"name\":\"Inicio\",\"item\":\"https:\/\/fcfn.org\/\"},{\"@type\":\"ListItem\",\"position\":2,\"name\":\"Objeto Social\"}]},{\"@type\":\"WebSite\",\"@id\":\"https:\/\/fcfn.org\/en\/#website\",\"url\":\"https:\/\/fcfn.org\/en\/\",\"name\":\"Fundaci\u00f3n Comunitaria de la Frontera Norte, A.C.\",\"description\":\"Fundaci\u00f3n Comunitaria de la Frontera Norte, A.C.\",\"publisher\":{\"@id\":\"https:\/\/fcfn.org\/en\/#organization\"},\"potentialAction\":[{\"@type\":\"SearchAction\",\"target\":{\"@type\":\"EntryPoint\",\"urlTemplate\":\"https:\/\/fcfn.org\/en\/?s={search_term_string}\"},\"query-input\":{\"@type\":\"PropertyValueSpecification\",\"valueRequired\":true,\"valueName\":\"search_term_string\"}}],\"inLanguage\":\"en-US\"},{\"@type\":\"Organization\",\"@id\":\"https:\/\/fcfn.org\/en\/#organization\",\"name\":\"Fundaci\u00f3n Comunitaria de la Frontera Norte, A.C.\",\"url\":\"https:\/\/fcfn.org\/en\/\",\"logo\":{\"@type\":\"ImageObject\",\"inLanguage\":\"en-US\",\"@id\":\"https:\/\/fcfn.org\/en\/#\/schema\/logo\/image\/\",\"url\":\"https:\/\/fcfn.org\/wp-content\/uploads\/2023\/04\/Logo_FCNF.jpg\",\"contentUrl\":\"https:\/\/fcfn.org\/wp-content\/uploads\/2023\/04\/Logo_FCNF.jpg\",\"width\":1050,\"height\":964,\"caption\":\"Fundaci\u00f3n Comunitaria de la Frontera Norte, A.C.\"},\"image\":{\"@id\":\"https:\/\/fcfn.org\/en\/#\/schema\/logo\/image\/\"}}]}<\/script>\n<!-- \/ Yoast SEO plugin. -->","yoast_head_json":{"title":"Objeto Social - Fundaci\u00f3n Comunitaria de la Frontera Norte, A.C.","robots":{"index":"index","follow":"follow","max-snippet":"max-snippet:-1","max-image-preview":"max-image-preview:large","max-video-preview":"max-video-preview:-1"},"canonical":"https:\/\/fcfn.org\/en\/objeto-social\/","og_locale":"en_US","og_type":"article","og_title":"Objeto Social - Fundaci\u00f3n Comunitaria de la Frontera Norte, A.C.","og_description":"Objeto Social La Fundaci\u00f3n Comunitaria de la Frontera Norte es una organizaci\u00f3n sin fines de lucro que tiene como beneficiarios en todas y cada una de las actividades asistenciales que realiza a personas, sectores y regiones de escasos recursos; comunidades ind\u00edgenas y grupos vulnerables, por edad, sexo o problemas de discapacidad y tiene por objeto [&hellip;]","og_url":"https:\/\/fcfn.org\/en\/objeto-social\/","og_site_name":"Fundaci\u00f3n Comunitaria de la Frontera Norte, A.C.","article_modified_time":"2023-07-27T17:47:57+00:00","twitter_card":"summary_large_image","twitter_misc":{"Est. reading time":"4 minutes"},"schema":{"@context":"https:\/\/schema.org","@graph":[{"@type":"WebPage","@id":"https:\/\/fcfn.org\/en\/objeto-social\/","url":"https:\/\/fcfn.org\/en\/objeto-social\/","name":"Objeto Social - Fundaci\u00f3n Comunitaria de la Frontera Norte, A.C.","isPartOf":{"@id":"https:\/\/fcfn.org\/en\/#website"},"datePublished":"2023-06-13T17:15:03+00:00","dateModified":"2023-07-27T17:47:57+00:00","breadcrumb":{"@id":"https:\/\/fcfn.org\/en\/objeto-social\/#breadcrumb"},"inLanguage":"en-US","potentialAction":[{"@type":"ReadAction","target":["https:\/\/fcfn.org\/en\/objeto-social\/"]}]},{"@type":"BreadcrumbList","@id":"https:\/\/fcfn.org\/en\/objeto-social\/#breadcrumb","itemListElement":[{"@type":"ListItem","position":1,"name":"Inicio","item":"https:\/\/fcfn.org\/"},{"@type":"ListItem","position":2,"name":"Objeto Social"}]},{"@type":"WebSite","@id":"https:\/\/fcfn.org\/en\/#website","url":"https:\/\/fcfn.org\/en\/","name":"Fundaci\u00f3n Comunitaria de la Frontera Norte, A.C.","description":"Fundaci\u00f3n Comunitaria de la Frontera Norte, A.C.","publisher":{"@id":"https:\/\/fcfn.org\/en\/#organization"},"potentialAction":[{"@type":"SearchAction","target":{"@type":"EntryPoint","urlTemplate":"https:\/\/fcfn.org\/en\/?s={search_term_string}"},"query-input":{"@type":"PropertyValueSpecification","valueRequired":true,"valueName":"search_term_string"}}],"inLanguage":"en-US"},{"@type":"Organization","@id":"https:\/\/fcfn.org\/en\/#organization","name":"Fundaci\u00f3n Comunitaria de la Frontera Norte, A.C.","url":"https:\/\/fcfn.org\/en\/","logo":{"@type":"ImageObject","inLanguage":"en-US","@id":"https:\/\/fcfn.org\/en\/#\/schema\/logo\/image\/","url":"https:\/\/fcfn.org\/wp-content\/uploads\/2023\/04\/Logo_FCNF.jpg","contentUrl":"https:\/\/fcfn.org\/wp-content\/uploads\/2023\/04\/Logo_FCNF.jpg","width":1050,"height":964,"caption":"Fundaci\u00f3n Comunitaria de la Frontera Norte, A.C."},"image":{"@id":"https:\/\/fcfn.org\/en\/#\/schema\/logo\/image\/"}}]}},"_links":{"self":[{"href":"https:\/\/fcfn.org\/en\/wp-json\/wp\/v2\/pages\/2171","targetHints":{"allow":["GET"]}}],"collection":[{"href":"https:\/\/fcfn.org\/en\/wp-json\/wp\/v2\/pages"}],"about":[{"href":"https:\/\/fcfn.org\/en\/wp-json\/wp\/v2\/types\/page"}],"author":[{"embeddable":true,"href":"https:\/\/fcfn.org\/en\/wp-json\/wp\/v2\/users\/3"}],"replies":[{"embeddable":true,"href":"https:\/\/fcfn.org\/en\/wp-json\/wp\/v2\/comments?post=2171"}],"version-history":[{"count":31,"href":"https:\/\/fcfn.org\/en\/wp-json\/wp\/v2\/pages\/2171\/revisions"}],"predecessor-version":[{"id":2481,"href":"https:\/\/fcfn.org\/en\/wp-json\/wp\/v2\/pages\/2171\/revisions\/2481"}],"wp:attachment":[{"href":"https:\/\/fcfn.org\/en\/wp-json\/wp\/v2\/media?parent=2171"}],"curies":[{"name":"wp","href":"https:\/\/api.w.org\/{rel}","templated":true}]}}