{"id":2391,"date":"2023-07-24T23:03:00","date_gmt":"2023-07-24T23:03:00","guid":{"rendered":"https:\/\/fcfn.org\/?page_id=2391"},"modified":"2023-08-04T17:11:42","modified_gmt":"2023-08-04T17:11:42","slug":"donacion","status":"publish","type":"page","link":"https:\/\/fcfn.org\/en\/donacion\/","title":{"rendered":"Donaci\u00f3n"},"content":{"rendered":"<div data-elementor-type=\"wp-post\" data-elementor-id=\"2391\" class=\"elementor elementor-2391\" data-elementor-post-type=\"page\">\n\t\t\t\t\t\t<section class=\"elementor-section elementor-top-section elementor-element elementor-element-650bf7b elementor-section-full_width elementor-section-content-middle elementor-section-height-default elementor-section-height-default\" data-id=\"650bf7b\" data-element_type=\"section\" data-settings=\"{&quot;background_background&quot;:&quot;classic&quot;,&quot;jet_parallax_layout_list&quot;:[]}\">\n\t\t\t\t\t\t<div class=\"elementor-container elementor-column-gap-no\">\n\t\t\t\t\t<div class=\"elementor-column elementor-col-100 elementor-top-column elementor-element elementor-element-80ed1b7\" data-id=\"80ed1b7\" data-element_type=\"column\">\n\t\t\t<div class=\"elementor-widget-wrap elementor-element-populated\">\n\t\t\t\t\t\t<div class=\"elementor-element elementor-element-a5cbffc elementor-widget elementor-widget-heading\" data-id=\"a5cbffc\" data-element_type=\"widget\" data-widget_type=\"heading.default\">\n\t\t\t\t<div class=\"elementor-widget-container\">\n\t\t\t\t\t<h2 class=\"elementor-heading-title elementor-size-default\">Fundaci\u00f3n Comunitaria de la Frontera Norte<\/h2>\t\t\t\t<\/div>\n\t\t\t\t<\/div>\n\t\t\t\t<div class=\"elementor-element elementor-element-6f287cf elementor-widget elementor-widget-text-editor\" data-id=\"6f287cf\" data-element_type=\"widget\" data-widget_type=\"text-editor.default\">\n\t\t\t\t<div class=\"elementor-widget-container\">\n\t\t\t\t\t\t\t\t\t<p>Un compromiso con la comunidad<\/p>\t\t\t\t\t\t\t\t<\/div>\n\t\t\t\t<\/div>\n\t\t\t\t\t<\/div>\n\t\t<\/div>\n\t\t\t\t\t<\/div>\n\t\t<\/section>\n\t\t\t\t<section class=\"elementor-section elementor-top-section elementor-element elementor-element-c5e241b elementor-section-content-middle elementor-section-boxed elementor-section-height-default elementor-section-height-default\" data-id=\"c5e241b\" data-element_type=\"section\" data-settings=\"{&quot;jet_parallax_layout_list&quot;:[]}\">\n\t\t\t\t\t\t<div class=\"elementor-container elementor-column-gap-default\">\n\t\t\t\t\t<div class=\"elementor-column elementor-col-50 elementor-top-column elementor-element elementor-element-80a0f45\" data-id=\"80a0f45\" data-element_type=\"column\">\n\t\t\t<div class=\"elementor-widget-wrap elementor-element-populated\">\n\t\t\t\t\t\t<div class=\"elementor-element elementor-element-3df1ee14 elementor-widget elementor-widget-heading\" data-id=\"3df1ee14\" data-element_type=\"widget\" data-widget_type=\"heading.default\">\n\t\t\t\t<div class=\"elementor-widget-container\">\n\t\t\t\t\t<h2 class=\"elementor-heading-title elementor-size-default\">Donar es una expresi\u00f3n de solidaridad y empat\u00eda<\/h2>\t\t\t\t<\/div>\n\t\t\t\t<\/div>\n\t\t\t\t\t<\/div>\n\t\t<\/div>\n\t\t\t\t<div class=\"elementor-column elementor-col-50 elementor-top-column elementor-element elementor-element-27f6a39\" data-id=\"27f6a39\" data-element_type=\"column\">\n\t\t\t<div class=\"elementor-widget-wrap elementor-element-populated\">\n\t\t\t\t\t\t<div class=\"elementor-element elementor-element-945a1d0 elementor-widget elementor-widget-html\" data-id=\"945a1d0\" data-element_type=\"widget\" data-widget_type=\"html.default\">\n\t\t\t\t<div class=\"elementor-widget-container\">\n\t\t\t\t\t<button onclick=\"window.open('https:\/\/donate.stripe.com\/bIY003alxfjj2ac7st', '_blank')\" class=\"custom-btn btn-12\"><span>\u00a1Gracias!<\/span><span>\u00a1Dona aqu\u00ed!<\/span><\/button>\t\t\t\t<\/div>\n\t\t\t\t<\/div>\n\t\t\t\t\t<\/div>\n\t\t<\/div>\n\t\t\t\t\t<\/div>\n\t\t<\/section>\n\t\t\t\t<section class=\"elementor-section elementor-top-section elementor-element elementor-element-46e56c8 elementor-section-content-middle elementor-reverse-mobile elementor-section-boxed elementor-section-height-default elementor-section-height-default\" data-id=\"46e56c8\" data-element_type=\"section\" data-settings=\"{&quot;jet_parallax_layout_list&quot;:[]}\">\n\t\t\t\t\t\t<div class=\"elementor-container elementor-column-gap-default\">\n\t\t\t\t\t<div class=\"elementor-column elementor-col-50 elementor-top-column elementor-element elementor-element-27ddfd4\" data-id=\"27ddfd4\" data-element_type=\"column\">\n\t\t\t<div class=\"elementor-widget-wrap elementor-element-populated\">\n\t\t\t\t\t\t<div class=\"elementor-element elementor-element-aca3845 elementor-widget__width-auto elementor-widget elementor-widget-html\" data-id=\"aca3845\" data-element_type=\"widget\" data-widget_type=\"html.default\">\n\t\t\t\t<div class=\"elementor-widget-container\">\n\t\t\t\t\t<script async\r\n  src=\"https:\/\/js.stripe.com\/v3\/buy-button.js\">\r\n<\/script>\r\n<stripe-buy-button\r\n  buy-button-id=\"buy_btn_1N8Ar7Jvw0aRVBZ1hrLJPBnq\"\r\n  publishable-key=\"pk_live_51N6IzTJvw0aRVBZ1j6fBrVDgRd1jlAiVXqN5mV1yL5kCcbiT0hnbv2lZp97Aiz8476iA6GzGPUw1Cre8xwxmyesk00ulusSGCB\"\r\n>\r\n<\/stripe-buy-button>\t\t\t\t<\/div>\n\t\t\t\t<\/div>\n\t\t\t\t\t<\/div>\n\t\t<\/div>\n\t\t\t\t<div class=\"elementor-column elementor-col-50 elementor-top-column elementor-element elementor-element-7c5cb13\" data-id=\"7c5cb13\" data-element_type=\"column\">\n\t\t\t<div class=\"elementor-widget-wrap elementor-element-populated\">\n\t\t\t\t\t\t<div class=\"elementor-element elementor-element-bc8c700 elementor-widget elementor-widget-text-editor\" data-id=\"bc8c700\" data-element_type=\"widget\" data-widget_type=\"text-editor.default\">\n\t\t\t\t<div class=\"elementor-widget-container\">\n\t\t\t\t\t\t\t\t\t<p id=\"ugEcORcsBJv5Gvw4\"><span id=\"MYG71hecV1f5d2sh\">Apoyar a una fundaci\u00f3n comunitaria es una oportunidad para marcar <\/span><span id=\"QPbizAsevFOffMgq\">una diferencia positiva<\/span><\/p>\t\t\t\t\t\t\t\t<\/div>\n\t\t\t\t<\/div>\n\t\t\t\t<div class=\"elementor-element elementor-element-d6370f1 elementor-widget elementor-widget-text-editor\" data-id=\"d6370f1\" data-element_type=\"widget\" data-widget_type=\"text-editor.default\">\n\t\t\t\t<div class=\"elementor-widget-container\">\n\t\t\t\t\t\t\t\t\tContribuyes a proyectos y programas que abordan necesidades locales y generan un cambio positivo en la vida de las personas.\t\t\t\t\t\t\t\t<\/div>\n\t\t\t\t<\/div>\n\t\t\t\t\t<\/div>\n\t\t<\/div>\n\t\t\t\t\t<\/div>\n\t\t<\/section>\n\t\t\t\t<section class=\"elementor-section elementor-top-section elementor-element elementor-element-6522856 elementor-section-full_width elementor-section-height-default elementor-section-height-default\" data-id=\"6522856\" data-element_type=\"section\" data-settings=\"{&quot;jet_parallax_layout_list&quot;:[]}\">\n\t\t\t\t\t\t<div class=\"elementor-container elementor-column-gap-default\">\n\t\t\t\t\t<div class=\"elementor-column elementor-col-100 elementor-top-column elementor-element elementor-element-4944ef9\" data-id=\"4944ef9\" data-element_type=\"column\">\n\t\t\t<div class=\"elementor-widget-wrap elementor-element-populated\">\n\t\t\t\t\t\t<div class=\"elementor-element elementor-element-feaca58 elementor-widget elementor-widget-heading\" data-id=\"feaca58\" data-element_type=\"widget\" data-widget_type=\"heading.default\">\n\t\t\t\t<div class=\"elementor-widget-container\">\n\t\t\t\t\t<h2 class=\"elementor-heading-title elementor-size-default\">Tambien puedes hacer donaciones mensuales\n<\/h2>\t\t\t\t<\/div>\n\t\t\t\t<\/div>\n\t\t\t\t<div class=\"elementor-element elementor-element-b1c33df elementor-widget elementor-widget-html\" data-id=\"b1c33df\" data-element_type=\"widget\" data-widget_type=\"html.default\">\n\t\t\t\t<div class=\"elementor-widget-container\">\n\t\t\t\t\t<script async src=\"https:\/\/js.stripe.com\/v3\/pricing-table.js\"><\/script>\r\n<stripe-pricing-table pricing-table-id=\"prctbl_1NYb9uJvw0aRVBZ1pTXGgkdw\"\r\npublishable-key=\"pk_live_51N6IzTJvw0aRVBZ1j6fBrVDgRd1jlAiVXqN5mV1yL5kCcbiT0hnbv2lZp97Aiz8476iA6GzGPUw1Cre8xwxmyesk00ulusSGCB\">\r\n<\/stripe-pricing-table>\r\n\t\t\t\t<\/div>\n\t\t\t\t<\/div>\n\t\t\t\t\t<\/div>\n\t\t<\/div>\n\t\t\t\t\t<\/div>\n\t\t<\/section>\n\t\t\t\t<section class=\"elementor-section elementor-top-section elementor-element elementor-element-54ad5333 elementor-section-full_width elementor-section-content-middle elementor-section-height-default elementor-section-height-default\" data-id=\"54ad5333\" data-element_type=\"section\" data-settings=\"{&quot;background_background&quot;:&quot;classic&quot;,&quot;jet_parallax_layout_list&quot;:[]}\">\n\t\t\t\t\t\t<div class=\"elementor-container elementor-column-gap-no\">\n\t\t\t\t\t<div class=\"elementor-column elementor-col-100 elementor-top-column elementor-element elementor-element-24e9e339\" data-id=\"24e9e339\" data-element_type=\"column\" data-settings=\"{&quot;background_background&quot;:&quot;classic&quot;}\">\n\t\t\t<div class=\"elementor-widget-wrap elementor-element-populated\">\n\t\t\t\t\t<div class=\"elementor-background-overlay\"><\/div>\n\t\t\t\t\t\t<div class=\"elementor-element elementor-element-eb6150a elementor-widget elementor-widget-text-editor\" data-id=\"eb6150a\" data-element_type=\"widget\" data-widget_type=\"text-editor.default\">\n\t\t\t\t<div class=\"elementor-widget-container\">\n\t\t\t\t\t\t\t\t\t<p>\u00a1T\u00fa donaci\u00f3n marca la diferencia!<\/p>\t\t\t\t\t\t\t\t<\/div>\n\t\t\t\t<\/div>\n\t\t\t\t\t<\/div>\n\t\t<\/div>\n\t\t\t\t\t<\/div>\n\t\t<\/section>\n\t\t\t\t<section class=\"elementor-section elementor-top-section elementor-element elementor-element-8d86636 elementor-section-content-middle elementor-section-boxed elementor-section-height-default elementor-section-height-default\" data-id=\"8d86636\" data-element_type=\"section\" data-settings=\"{&quot;jet_parallax_layout_list&quot;:[]}\">\n\t\t\t\t\t\t<div class=\"elementor-container elementor-column-gap-default\">\n\t\t\t\t\t<div class=\"elementor-column elementor-col-50 elementor-top-column elementor-element elementor-element-7022ba9\" data-id=\"7022ba9\" data-element_type=\"column\">\n\t\t\t<div class=\"elementor-widget-wrap elementor-element-populated\">\n\t\t\t\t\t\t<div class=\"elementor-element elementor-element-7ae8e7b elementor-widget elementor-widget-image\" data-id=\"7ae8e7b\" data-element_type=\"widget\" data-widget_type=\"image.default\">\n\t\t\t\t<div class=\"elementor-widget-container\">\n\t\t\t\t\t\t\t\t\t\t\t\t\t\t\t<img fetchpriority=\"high\" decoding=\"async\" width=\"1080\" height=\"1080\" src=\"https:\/\/fcfn.org\/wp-content\/uploads\/2023\/07\/Imagen-fcfn.png\" class=\"attachment-full size-full wp-image-2503\" alt=\"\" srcset=\"https:\/\/fcfn.org\/wp-content\/uploads\/2023\/07\/Imagen-fcfn.png 1080w, https:\/\/fcfn.org\/wp-content\/uploads\/2023\/07\/Imagen-fcfn-300x300.png 300w, https:\/\/fcfn.org\/wp-content\/uploads\/2023\/07\/Imagen-fcfn-1024x1024.png 1024w, https:\/\/fcfn.org\/wp-content\/uploads\/2023\/07\/Imagen-fcfn-150x150.png 150w, https:\/\/fcfn.org\/wp-content\/uploads\/2023\/07\/Imagen-fcfn-768x768.png 768w, https:\/\/fcfn.org\/wp-content\/uploads\/2023\/07\/Imagen-fcfn-12x12.png 12w\" sizes=\"(max-width: 1080px) 100vw, 1080px\" \/>\t\t\t\t\t\t\t\t\t\t\t\t\t\t\t<\/div>\n\t\t\t\t<\/div>\n\t\t\t\t\t<\/div>\n\t\t<\/div>\n\t\t\t\t<div class=\"elementor-column elementor-col-50 elementor-top-column elementor-element elementor-element-c6bcaf2\" data-id=\"c6bcaf2\" data-element_type=\"column\">\n\t\t\t<div class=\"elementor-widget-wrap elementor-element-populated\">\n\t\t\t\t\t\t<div class=\"elementor-element elementor-element-31752af elementor-widget elementor-widget-text-editor\" data-id=\"31752af\" data-element_type=\"widget\" data-widget_type=\"text-editor.default\">\n\t\t\t\t<div class=\"elementor-widget-container\">\n\t\t\t\t\t\t\t\t\t<p id=\"ugEcORcsBJv5Gvw4\">El viaje para cambiar una comunidad comienza con una donaci\u00f3n<\/p>\t\t\t\t\t\t\t\t<\/div>\n\t\t\t\t<\/div>\n\t\t\t\t<div class=\"elementor-element elementor-element-b7b9e0f elementor-widget elementor-widget-text-editor\" data-id=\"b7b9e0f\" data-element_type=\"widget\" data-widget_type=\"text-editor.default\">\n\t\t\t\t<div class=\"elementor-widget-container\">\n\t\t\t\t\t\t\t\t\tDonar es una acci\u00f3n altamente significativa que permite generar un impacto transformador.\n<br><br>\nTu aporte directo impacta vidas, fomenta el desarrollo local y construye un futuro mejor.\n<br><br>\nTe invitamos a unirte a nuestra causa y ser parte de este cambio positivo que tanto beneficia a nuestra comunidad.\n<br><br>\nTu donaci\u00f3n marca la diferencia. \u00a1Gracias por ser solidario!\n\n\t\t\t\t\t\t\t\t<\/div>\n\t\t\t\t<\/div>\n\t\t\t\t\t<\/div>\n\t\t<\/div>\n\t\t\t\t\t<\/div>\n\t\t<\/section>\n\t\t\t\t<\/div>","protected":false},"excerpt":{"rendered":"<p>Fundaci\u00f3n Comunitaria de la Frontera Norte Un compromiso con la comunidad Donar es una expresi\u00f3n de solidaridad y empat\u00eda \u00a1Gracias!\u00a1Dona aqu\u00ed! Apoyar a una fundaci\u00f3n comunitaria es una oportunidad para marcar una diferencia positiva Contribuyes a proyectos y programas que abordan necesidades locales y generan un cambio positivo en la vida de las personas. Tambien [&hellip;]<\/p>","protected":false},"author":3,"featured_media":0,"parent":0,"menu_order":0,"comment_status":"closed","ping_status":"closed","template":"elementor_header_footer","meta":{"footnotes":""},"class_list":["post-2391","page","type-page","status-publish","hentry"],"yoast_head":"<!-- This site is optimized with the Yoast SEO plugin v26.6 - https:\/\/yoast.com\/wordpress\/plugins\/seo\/ -->\n<title>Donaci\u00f3n - Fundaci\u00f3n Comunitaria de la Frontera Norte, A.C.<\/title>\n<meta name=\"robots\" content=\"index, follow, max-snippet:-1, max-image-preview:large, max-video-preview:-1\" \/>\n<link rel=\"canonical\" href=\"https:\/\/fcfn.org\/en\/donacion\/\" \/>\n<meta property=\"og:locale\" content=\"en_US\" \/>\n<meta property=\"og:type\" content=\"article\" \/>\n<meta property=\"og:title\" content=\"Donaci\u00f3n - Fundaci\u00f3n Comunitaria de la Frontera Norte, A.C.\" \/>\n<meta property=\"og:description\" content=\"Fundaci\u00f3n Comunitaria de la Frontera Norte Un compromiso con la comunidad Donar es una expresi\u00f3n de solidaridad y empat\u00eda \u00a1Gracias!\u00a1Dona aqu\u00ed! Apoyar a una fundaci\u00f3n comunitaria es una oportunidad para marcar una diferencia positiva Contribuyes a proyectos y programas que abordan necesidades locales y generan un cambio positivo en la vida de las personas. Tambien [&hellip;]\" \/>\n<meta property=\"og:url\" content=\"https:\/\/fcfn.org\/en\/donacion\/\" \/>\n<meta property=\"og:site_name\" content=\"Fundaci\u00f3n Comunitaria de la Frontera Norte, A.C.\" \/>\n<meta property=\"article:modified_time\" content=\"2023-08-04T17:11:42+00:00\" \/>\n<meta property=\"og:image\" content=\"http:\/\/fcfn.org\/wp-content\/uploads\/2023\/07\/Imagen-fcfn.png\" \/>\n<meta name=\"twitter:card\" content=\"summary_large_image\" \/>\n<meta name=\"twitter:label1\" content=\"Est. reading time\" \/>\n\t<meta name=\"twitter:data1\" content=\"1 minute\" \/>\n<script type=\"application\/ld+json\" class=\"yoast-schema-graph\">{\"@context\":\"https:\/\/schema.org\",\"@graph\":[{\"@type\":\"WebPage\",\"@id\":\"https:\/\/fcfn.org\/en\/donacion\/\",\"url\":\"https:\/\/fcfn.org\/en\/donacion\/\",\"name\":\"Donaci\u00f3n - Fundaci\u00f3n Comunitaria de la Frontera Norte, A.C.\",\"isPartOf\":{\"@id\":\"https:\/\/fcfn.org\/en\/#website\"},\"primaryImageOfPage\":{\"@id\":\"https:\/\/fcfn.org\/en\/donacion\/#primaryimage\"},\"image\":{\"@id\":\"https:\/\/fcfn.org\/en\/donacion\/#primaryimage\"},\"thumbnailUrl\":\"http:\/\/fcfn.org\/wp-content\/uploads\/2023\/07\/Imagen-fcfn.png\",\"datePublished\":\"2023-07-24T23:03:00+00:00\",\"dateModified\":\"2023-08-04T17:11:42+00:00\",\"breadcrumb\":{\"@id\":\"https:\/\/fcfn.org\/en\/donacion\/#breadcrumb\"},\"inLanguage\":\"en-US\",\"potentialAction\":[{\"@type\":\"ReadAction\",\"target\":[\"https:\/\/fcfn.org\/en\/donacion\/\"]}]},{\"@type\":\"ImageObject\",\"inLanguage\":\"en-US\",\"@id\":\"https:\/\/fcfn.org\/en\/donacion\/#primaryimage\",\"url\":\"http:\/\/fcfn.org\/wp-content\/uploads\/2023\/07\/Imagen-fcfn.png\",\"contentUrl\":\"http:\/\/fcfn.org\/wp-content\/uploads\/2023\/07\/Imagen-fcfn.png\"},{\"@type\":\"BreadcrumbList\",\"@id\":\"https:\/\/fcfn.org\/en\/donacion\/#breadcrumb\",\"itemListElement\":[{\"@type\":\"ListItem\",\"position\":1,\"name\":\"Inicio\",\"item\":\"https:\/\/fcfn.org\/\"},{\"@type\":\"ListItem\",\"position\":2,\"name\":\"Donaci\u00f3n\"}]},{\"@type\":\"WebSite\",\"@id\":\"https:\/\/fcfn.org\/en\/#website\",\"url\":\"https:\/\/fcfn.org\/en\/\",\"name\":\"Fundaci\u00f3n Comunitaria de la Frontera Norte, A.C.\",\"description\":\"Fundaci\u00f3n Comunitaria de la Frontera Norte, A.C.\",\"publisher\":{\"@id\":\"https:\/\/fcfn.org\/en\/#organization\"},\"potentialAction\":[{\"@type\":\"SearchAction\",\"target\":{\"@type\":\"EntryPoint\",\"urlTemplate\":\"https:\/\/fcfn.org\/en\/?s={search_term_string}\"},\"query-input\":{\"@type\":\"PropertyValueSpecification\",\"valueRequired\":true,\"valueName\":\"search_term_string\"}}],\"inLanguage\":\"en-US\"},{\"@type\":\"Organization\",\"@id\":\"https:\/\/fcfn.org\/en\/#organization\",\"name\":\"Fundaci\u00f3n Comunitaria de la Frontera Norte, A.C.\",\"url\":\"https:\/\/fcfn.org\/en\/\",\"logo\":{\"@type\":\"ImageObject\",\"inLanguage\":\"en-US\",\"@id\":\"https:\/\/fcfn.org\/en\/#\/schema\/logo\/image\/\",\"url\":\"https:\/\/fcfn.org\/wp-content\/uploads\/2023\/04\/Logo_FCNF.jpg\",\"contentUrl\":\"https:\/\/fcfn.org\/wp-content\/uploads\/2023\/04\/Logo_FCNF.jpg\",\"width\":1050,\"height\":964,\"caption\":\"Fundaci\u00f3n Comunitaria de la Frontera Norte, A.C.\"},\"image\":{\"@id\":\"https:\/\/fcfn.org\/en\/#\/schema\/logo\/image\/\"}}]}<\/script>\n<!-- \/ Yoast SEO plugin. -->","yoast_head_json":{"title":"Donaci\u00f3n - Fundaci\u00f3n Comunitaria de la Frontera Norte, A.C.","robots":{"index":"index","follow":"follow","max-snippet":"max-snippet:-1","max-image-preview":"max-image-preview:large","max-video-preview":"max-video-preview:-1"},"canonical":"https:\/\/fcfn.org\/en\/donacion\/","og_locale":"en_US","og_type":"article","og_title":"Donaci\u00f3n - Fundaci\u00f3n Comunitaria de la Frontera Norte, A.C.","og_description":"Fundaci\u00f3n Comunitaria de la Frontera Norte Un compromiso con la comunidad Donar es una expresi\u00f3n de solidaridad y empat\u00eda \u00a1Gracias!\u00a1Dona aqu\u00ed! Apoyar a una fundaci\u00f3n comunitaria es una oportunidad para marcar una diferencia positiva Contribuyes a proyectos y programas que abordan necesidades locales y generan un cambio positivo en la vida de las personas. Tambien [&hellip;]","og_url":"https:\/\/fcfn.org\/en\/donacion\/","og_site_name":"Fundaci\u00f3n Comunitaria de la Frontera Norte, A.C.","article_modified_time":"2023-08-04T17:11:42+00:00","og_image":[{"url":"http:\/\/fcfn.org\/wp-content\/uploads\/2023\/07\/Imagen-fcfn.png","type":"","width":"","height":""}],"twitter_card":"summary_large_image","twitter_misc":{"Est. reading time":"1 minute"},"schema":{"@context":"https:\/\/schema.org","@graph":[{"@type":"WebPage","@id":"https:\/\/fcfn.org\/en\/donacion\/","url":"https:\/\/fcfn.org\/en\/donacion\/","name":"Donaci\u00f3n - Fundaci\u00f3n Comunitaria de la Frontera Norte, A.C.","isPartOf":{"@id":"https:\/\/fcfn.org\/en\/#website"},"primaryImageOfPage":{"@id":"https:\/\/fcfn.org\/en\/donacion\/#primaryimage"},"image":{"@id":"https:\/\/fcfn.org\/en\/donacion\/#primaryimage"},"thumbnailUrl":"http:\/\/fcfn.org\/wp-content\/uploads\/2023\/07\/Imagen-fcfn.png","datePublished":"2023-07-24T23:03:00+00:00","dateModified":"2023-08-04T17:11:42+00:00","breadcrumb":{"@id":"https:\/\/fcfn.org\/en\/donacion\/#breadcrumb"},"inLanguage":"en-US","potentialAction":[{"@type":"ReadAction","target":["https:\/\/fcfn.org\/en\/donacion\/"]}]},{"@type":"ImageObject","inLanguage":"en-US","@id":"https:\/\/fcfn.org\/en\/donacion\/#primaryimage","url":"http:\/\/fcfn.org\/wp-content\/uploads\/2023\/07\/Imagen-fcfn.png","contentUrl":"http:\/\/fcfn.org\/wp-content\/uploads\/2023\/07\/Imagen-fcfn.png"},{"@type":"BreadcrumbList","@id":"https:\/\/fcfn.org\/en\/donacion\/#breadcrumb","itemListElement":[{"@type":"ListItem","position":1,"name":"Inicio","item":"https:\/\/fcfn.org\/"},{"@type":"ListItem","position":2,"name":"Donaci\u00f3n"}]},{"@type":"WebSite","@id":"https:\/\/fcfn.org\/en\/#website","url":"https:\/\/fcfn.org\/en\/","name":"Fundaci\u00f3n Comunitaria de la Frontera Norte, A.C.","description":"Fundaci\u00f3n Comunitaria de la Frontera Norte, A.C.","publisher":{"@id":"https:\/\/fcfn.org\/en\/#organization"},"potentialAction":[{"@type":"SearchAction","target":{"@type":"EntryPoint","urlTemplate":"https:\/\/fcfn.org\/en\/?s={search_term_string}"},"query-input":{"@type":"PropertyValueSpecification","valueRequired":true,"valueName":"search_term_string"}}],"inLanguage":"en-US"},{"@type":"Organization","@id":"https:\/\/fcfn.org\/en\/#organization","name":"Fundaci\u00f3n Comunitaria de la Frontera Norte, A.C.","url":"https:\/\/fcfn.org\/en\/","logo":{"@type":"ImageObject","inLanguage":"en-US","@id":"https:\/\/fcfn.org\/en\/#\/schema\/logo\/image\/","url":"https:\/\/fcfn.org\/wp-content\/uploads\/2023\/04\/Logo_FCNF.jpg","contentUrl":"https:\/\/fcfn.org\/wp-content\/uploads\/2023\/04\/Logo_FCNF.jpg","width":1050,"height":964,"caption":"Fundaci\u00f3n Comunitaria de la Frontera Norte, A.C."},"image":{"@id":"https:\/\/fcfn.org\/en\/#\/schema\/logo\/image\/"}}]}},"_links":{"self":[{"href":"https:\/\/fcfn.org\/en\/wp-json\/wp\/v2\/pages\/2391","targetHints":{"allow":["GET"]}}],"collection":[{"href":"https:\/\/fcfn.org\/en\/wp-json\/wp\/v2\/pages"}],"about":[{"href":"https:\/\/fcfn.org\/en\/wp-json\/wp\/v2\/types\/page"}],"author":[{"embeddable":true,"href":"https:\/\/fcfn.org\/en\/wp-json\/wp\/v2\/users\/3"}],"replies":[{"embeddable":true,"href":"https:\/\/fcfn.org\/en\/wp-json\/wp\/v2\/comments?post=2391"}],"version-history":[{"count":80,"href":"https:\/\/fcfn.org\/en\/wp-json\/wp\/v2\/pages\/2391\/revisions"}],"predecessor-version":[{"id":2549,"href":"https:\/\/fcfn.org\/en\/wp-json\/wp\/v2\/pages\/2391\/revisions\/2549"}],"wp:attachment":[{"href":"https:\/\/fcfn.org\/en\/wp-json\/wp\/v2\/media?parent=2391"}],"curies":[{"name":"wp","href":"https:\/\/api.w.org\/{rel}","templated":true}]}}