{"id":2596,"date":"2023-08-18T18:12:16","date_gmt":"2023-08-18T18:12:16","guid":{"rendered":"https:\/\/fcfn.org\/?page_id=2596"},"modified":"2023-08-18T18:38:23","modified_gmt":"2023-08-18T18:38:23","slug":"noticias","status":"publish","type":"page","link":"https:\/\/fcfn.org\/en\/noticias\/","title":{"rendered":"Noticias"},"content":{"rendered":"<div data-elementor-type=\"wp-page\" data-elementor-id=\"2596\" class=\"elementor elementor-2596\" data-elementor-post-type=\"page\">\n\t\t\t\t\t\t<section class=\"elementor-section elementor-top-section elementor-element elementor-element-ee710c6 elementor-section-boxed elementor-section-height-default elementor-section-height-default\" data-id=\"ee710c6\" data-element_type=\"section\" data-settings=\"{&quot;jet_parallax_layout_list&quot;:[]}\">\n\t\t\t\t\t\t<div class=\"elementor-container elementor-column-gap-default\">\n\t\t\t\t\t<div class=\"elementor-column elementor-col-100 elementor-top-column elementor-element elementor-element-c95f5dc\" data-id=\"c95f5dc\" data-element_type=\"column\">\n\t\t\t<div class=\"elementor-widget-wrap elementor-element-populated\">\n\t\t\t\t\t\t<div class=\"elementor-element elementor-element-6b83c91 elementor-grid-3 elementor-grid-tablet-2 elementor-grid-mobile-1 elementor-posts--thumbnail-top elementor-widget elementor-widget-posts\" data-id=\"6b83c91\" data-element_type=\"widget\" data-settings=\"{&quot;classic_columns&quot;:&quot;3&quot;,&quot;classic_columns_tablet&quot;:&quot;2&quot;,&quot;classic_columns_mobile&quot;:&quot;1&quot;,&quot;classic_row_gap&quot;:{&quot;unit&quot;:&quot;px&quot;,&quot;size&quot;:35,&quot;sizes&quot;:[]},&quot;classic_row_gap_tablet&quot;:{&quot;unit&quot;:&quot;px&quot;,&quot;size&quot;:&quot;&quot;,&quot;sizes&quot;:[]},&quot;classic_row_gap_mobile&quot;:{&quot;unit&quot;:&quot;px&quot;,&quot;size&quot;:&quot;&quot;,&quot;sizes&quot;:[]}}\" data-widget_type=\"posts.classic\">\n\t\t\t\t<div class=\"elementor-widget-container\">\n\t\t\t\t\t\t\t<div class=\"elementor-posts-container elementor-posts elementor-posts--skin-classic elementor-grid\" role=\"list\">\n\t\t\t\t<article class=\"elementor-post elementor-grid-item post-3002 post type-post status-publish format-standard has-post-thumbnail hentry category-desafio category-feria-de-empleo tag-cenaltec tag-desafio tag-feria-del-empleo\" role=\"listitem\">\n\t\t\t\t<a class=\"elementor-post__thumbnail__link\" href=\"https:\/\/fcfn.org\/en\/conectan-desafio-y-cenaltec-a-juarenses-con-su-proximo-empleo\/\" tabindex=\"-1\" >\n\t\t\t<div class=\"elementor-post__thumbnail\"><img fetchpriority=\"high\" decoding=\"async\" width=\"2560\" height=\"1707\" src=\"https:\/\/fcfn.org\/wp-content\/uploads\/2024\/07\/feria-del-empleo-scaled.jpg\" class=\"attachment-full size-full wp-image-3003\" alt=\"Tercera feria del empleo de CENALTEC y Desaf\u00edo\" srcset=\"https:\/\/fcfn.org\/wp-content\/uploads\/2024\/07\/feria-del-empleo-scaled.jpg 2560w, https:\/\/fcfn.org\/wp-content\/uploads\/2024\/07\/feria-del-empleo-300x200.jpg 300w, https:\/\/fcfn.org\/wp-content\/uploads\/2024\/07\/feria-del-empleo-1024x683.jpg 1024w, https:\/\/fcfn.org\/wp-content\/uploads\/2024\/07\/feria-del-empleo-768x512.jpg 768w, https:\/\/fcfn.org\/wp-content\/uploads\/2024\/07\/feria-del-empleo-1536x1024.jpg 1536w, https:\/\/fcfn.org\/wp-content\/uploads\/2024\/07\/feria-del-empleo-2048x1365.jpg 2048w, https:\/\/fcfn.org\/wp-content\/uploads\/2024\/07\/feria-del-empleo-18x12.jpg 18w, https:\/\/fcfn.org\/wp-content\/uploads\/2024\/07\/feria-del-empleo-1320x880.jpg 1320w\" sizes=\"(max-width: 2560px) 100vw, 2560px\" \/><\/div>\n\t\t<\/a>\n\t\t\t\t<div class=\"elementor-post__text\">\n\t\t\t\t<h3 class=\"elementor-post__title\">\n\t\t\t<a href=\"https:\/\/fcfn.org\/en\/conectan-desafio-y-cenaltec-a-juarenses-con-su-proximo-empleo\/\" >\n\t\t\t\tConectan Desaf\u00edo y CENALTEC a juarenses con su pr\u00f3ximo empleo\t\t\t<\/a>\n\t\t<\/h3>\n\t\t\t\t<div class=\"elementor-post__meta-data\">\n\t\t\t\t\t<span class=\"elementor-post-date\">\n\t\t\tJuly 23, 2024\t\t<\/span>\n\t\t\t\t<span class=\"elementor-post-avatar\">\n\t\t\tNo Comments\t\t<\/span>\n\t\t\t\t<\/div>\n\t\t\t\t<div class=\"elementor-post__excerpt\">\n\t\t\t<p>Ciudad Ju\u00e1rez, Chihuahua.- El pasado 20 de julio, mil 380 juarenses se dieron cita en las instalaciones del Centro de Entrenamiento en Alta Tecnolog\u00eda (CENALTEC)<\/p>\n\t\t<\/div>\n\t\t\n\t\t<a class=\"elementor-post__read-more\" href=\"https:\/\/fcfn.org\/en\/conectan-desafio-y-cenaltec-a-juarenses-con-su-proximo-empleo\/\" aria-label=\"Read more about Conectan Desaf\u00edo y CENALTEC a juarenses con su pr\u00f3ximo empleo\" tabindex=\"-1\" >\n\t\t\tLeer m\u00e1s \u00bb\t\t<\/a>\n\n\t\t\t\t<\/div>\n\t\t\t\t<\/article>\n\t\t\t\t<article class=\"elementor-post elementor-grid-item post-2987 post type-post status-publish format-standard has-post-thumbnail hentry category-comunidades category-noticias tag-arte-en-el-parque tag-comunidades-juarez tag-musica\" role=\"listitem\">\n\t\t\t\t<a class=\"elementor-post__thumbnail__link\" href=\"https:\/\/fcfn.org\/en\/comunidades-la-musica-como-un-transformador-de-vidas\/\" tabindex=\"-1\" >\n\t\t\t<div class=\"elementor-post__thumbnail\"><img decoding=\"async\" width=\"2048\" height=\"1365\" src=\"https:\/\/fcfn.org\/wp-content\/uploads\/2024\/04\/guitarristas-ganadores-1.jpg\" class=\"attachment-full size-full wp-image-2989\" alt=\"Talleres de m\u00fasica de Comunidades\" srcset=\"https:\/\/fcfn.org\/wp-content\/uploads\/2024\/04\/guitarristas-ganadores-1.jpg 2048w, https:\/\/fcfn.org\/wp-content\/uploads\/2024\/04\/guitarristas-ganadores-1-300x200.jpg 300w, https:\/\/fcfn.org\/wp-content\/uploads\/2024\/04\/guitarristas-ganadores-1-1024x683.jpg 1024w, https:\/\/fcfn.org\/wp-content\/uploads\/2024\/04\/guitarristas-ganadores-1-768x512.jpg 768w, https:\/\/fcfn.org\/wp-content\/uploads\/2024\/04\/guitarristas-ganadores-1-1536x1024.jpg 1536w, https:\/\/fcfn.org\/wp-content\/uploads\/2024\/04\/guitarristas-ganadores-1-18x12.jpg 18w, https:\/\/fcfn.org\/wp-content\/uploads\/2024\/04\/guitarristas-ganadores-1-1320x880.jpg 1320w\" sizes=\"(max-width: 2048px) 100vw, 2048px\" \/><\/div>\n\t\t<\/a>\n\t\t\t\t<div class=\"elementor-post__text\">\n\t\t\t\t<h3 class=\"elementor-post__title\">\n\t\t\t<a href=\"https:\/\/fcfn.org\/en\/comunidades-la-musica-como-un-transformador-de-vidas\/\" >\n\t\t\t\tComunidades: la m\u00fasica como un transformador de vidas\t\t\t<\/a>\n\t\t<\/h3>\n\t\t\t\t<div class=\"elementor-post__meta-data\">\n\t\t\t\t\t<span class=\"elementor-post-date\">\n\t\t\tApril 4, 2024\t\t<\/span>\n\t\t\t\t<span class=\"elementor-post-avatar\">\n\t\t\tNo Comments\t\t<\/span>\n\t\t\t\t<\/div>\n\t\t\t\t<div class=\"elementor-post__excerpt\">\n\t\t\t<p>Estudiantes de la secundaria federal 17 de los talleres de m\u00fasica de Comunidades y Arte en el Parque ganan concurso a nivel zona<\/p>\n\t\t<\/div>\n\t\t\n\t\t<a class=\"elementor-post__read-more\" href=\"https:\/\/fcfn.org\/en\/comunidades-la-musica-como-un-transformador-de-vidas\/\" aria-label=\"Read more about Comunidades: la m\u00fasica como un transformador de vidas\" tabindex=\"-1\" >\n\t\t\tLeer m\u00e1s \u00bb\t\t<\/a>\n\n\t\t\t\t<\/div>\n\t\t\t\t<\/article>\n\t\t\t\t<article class=\"elementor-post elementor-grid-item post-2982 post type-post status-publish format-standard has-post-thumbnail hentry category-desafio tag-desafio\" role=\"listitem\">\n\t\t\t\t<a class=\"elementor-post__thumbnail__link\" href=\"https:\/\/fcfn.org\/en\/modelo-desafio-la-oportunidad-para-las-juventudes-de-ir-mas-lejos\/\" tabindex=\"-1\" >\n\t\t\t<div class=\"elementor-post__thumbnail\"><img decoding=\"async\" width=\"2560\" height=\"1565\" src=\"https:\/\/fcfn.org\/wp-content\/uploads\/2024\/03\/Thumbnail-Reclutamiento-Desafio-scaled.jpg\" class=\"attachment-full size-full wp-image-2983\" alt=\"Modelo Desaf\u00edo\" srcset=\"https:\/\/fcfn.org\/wp-content\/uploads\/2024\/03\/Thumbnail-Reclutamiento-Desafio-scaled.jpg 2560w, https:\/\/fcfn.org\/wp-content\/uploads\/2024\/03\/Thumbnail-Reclutamiento-Desafio-300x183.jpg 300w, https:\/\/fcfn.org\/wp-content\/uploads\/2024\/03\/Thumbnail-Reclutamiento-Desafio-1024x626.jpg 1024w, https:\/\/fcfn.org\/wp-content\/uploads\/2024\/03\/Thumbnail-Reclutamiento-Desafio-768x469.jpg 768w, https:\/\/fcfn.org\/wp-content\/uploads\/2024\/03\/Thumbnail-Reclutamiento-Desafio-1536x939.jpg 1536w, https:\/\/fcfn.org\/wp-content\/uploads\/2024\/03\/Thumbnail-Reclutamiento-Desafio-2048x1252.jpg 2048w, https:\/\/fcfn.org\/wp-content\/uploads\/2024\/03\/Thumbnail-Reclutamiento-Desafio-18x12.jpg 18w, https:\/\/fcfn.org\/wp-content\/uploads\/2024\/03\/Thumbnail-Reclutamiento-Desafio-1320x807.jpg 1320w\" sizes=\"(max-width: 2560px) 100vw, 2560px\" \/><\/div>\n\t\t<\/a>\n\t\t\t\t<div class=\"elementor-post__text\">\n\t\t\t\t<h3 class=\"elementor-post__title\">\n\t\t\t<a href=\"https:\/\/fcfn.org\/en\/modelo-desafio-la-oportunidad-para-las-juventudes-de-ir-mas-lejos\/\" >\n\t\t\t\tModelo Desaf\u00edo: la oportunidad para las juventudes de ir m\u00e1s lejos\t\t\t<\/a>\n\t\t<\/h3>\n\t\t\t\t<div class=\"elementor-post__meta-data\">\n\t\t\t\t\t<span class=\"elementor-post-date\">\n\t\t\tMarch 20, 2024\t\t<\/span>\n\t\t\t\t<span class=\"elementor-post-avatar\">\n\t\t\tNo Comments\t\t<\/span>\n\t\t\t\t<\/div>\n\t\t\t\t<div class=\"elementor-post__excerpt\">\n\t\t\t<p>Si tienes entre 16 y 29 a\u00f1os, no estudias ni trabajas, y buscas empezar una carrera t\u00e9cnica o un emprendimiento, Modelo Desaf\u00edo es lo que necesitas<\/p>\n\t\t<\/div>\n\t\t\n\t\t<a class=\"elementor-post__read-more\" href=\"https:\/\/fcfn.org\/en\/modelo-desafio-la-oportunidad-para-las-juventudes-de-ir-mas-lejos\/\" aria-label=\"Read more about Modelo Desaf\u00edo: la oportunidad para las juventudes de ir m\u00e1s lejos\" tabindex=\"-1\" >\n\t\t\tLeer m\u00e1s \u00bb\t\t<\/a>\n\n\t\t\t\t<\/div>\n\t\t\t\t<\/article>\n\t\t\t\t<article class=\"elementor-post elementor-grid-item post-2714 post type-post status-publish format-standard has-post-thumbnail hentry category-comunidades tag-cbtis-270 tag-comunidades-juarez\" role=\"listitem\">\n\t\t\t\t<a class=\"elementor-post__thumbnail__link\" href=\"https:\/\/fcfn.org\/en\/jornada-comunitaria-el-dia-en-que-la-gente-tomo-la-calle\/\" tabindex=\"-1\" >\n\t\t\t<div class=\"elementor-post__thumbnail\"><img loading=\"lazy\" decoding=\"async\" width=\"2048\" height=\"1365\" src=\"https:\/\/fcfn.org\/wp-content\/uploads\/2023\/09\/Fiesta-en-la-Calle-Comunidades-60.jpg\" class=\"attachment-full size-full wp-image-2715\" alt=\"Jornada comunitaria\" srcset=\"https:\/\/fcfn.org\/wp-content\/uploads\/2023\/09\/Fiesta-en-la-Calle-Comunidades-60.jpg 2048w, https:\/\/fcfn.org\/wp-content\/uploads\/2023\/09\/Fiesta-en-la-Calle-Comunidades-60-300x200.jpg 300w, https:\/\/fcfn.org\/wp-content\/uploads\/2023\/09\/Fiesta-en-la-Calle-Comunidades-60-1024x683.jpg 1024w, https:\/\/fcfn.org\/wp-content\/uploads\/2023\/09\/Fiesta-en-la-Calle-Comunidades-60-768x512.jpg 768w, https:\/\/fcfn.org\/wp-content\/uploads\/2023\/09\/Fiesta-en-la-Calle-Comunidades-60-1536x1024.jpg 1536w, https:\/\/fcfn.org\/wp-content\/uploads\/2023\/09\/Fiesta-en-la-Calle-Comunidades-60-18x12.jpg 18w\" sizes=\"(max-width: 2048px) 100vw, 2048px\" \/><\/div>\n\t\t<\/a>\n\t\t\t\t<div class=\"elementor-post__text\">\n\t\t\t\t<h3 class=\"elementor-post__title\">\n\t\t\t<a href=\"https:\/\/fcfn.org\/en\/jornada-comunitaria-el-dia-en-que-la-gente-tomo-la-calle\/\" >\n\t\t\t\tJornada comunitaria: el d\u00eda en que la gente tom\u00f3 la calle\t\t\t<\/a>\n\t\t<\/h3>\n\t\t\t\t<div class=\"elementor-post__meta-data\">\n\t\t\t\t\t<span class=\"elementor-post-date\">\n\t\t\tSeptember 6, 2023\t\t<\/span>\n\t\t\t\t<span class=\"elementor-post-avatar\">\n\t\t\tNo Comments\t\t<\/span>\n\t\t\t\t<\/div>\n\t\t\t\t<div class=\"elementor-post__excerpt\">\n\t\t\t<p>Celebra Comunidades Ju\u00e1rez una jornada comunitaria en la avenida Lote Bravo, un espacio que se transform\u00f3 gracias a la organizaci\u00f3n de las y los habitantes de las colonias cercanas al CBTIS 270<\/p>\n\t\t<\/div>\n\t\t\n\t\t<a class=\"elementor-post__read-more\" href=\"https:\/\/fcfn.org\/en\/jornada-comunitaria-el-dia-en-que-la-gente-tomo-la-calle\/\" aria-label=\"Read more about Jornada comunitaria: el d\u00eda en que la gente tom\u00f3 la calle\" tabindex=\"-1\" >\n\t\t\tLeer m\u00e1s \u00bb\t\t<\/a>\n\n\t\t\t\t<\/div>\n\t\t\t\t<\/article>\n\t\t\t\t<article class=\"elementor-post elementor-grid-item post-2681 post type-post status-publish format-standard has-post-thumbnail hentry category-comunidades tag-cbtis-270 tag-comunidades-juarez tag-jornada-comunitaria\" role=\"listitem\">\n\t\t\t\t<a class=\"elementor-post__thumbnail__link\" href=\"https:\/\/fcfn.org\/en\/comunidades-juarez-listos-para-la-fiesta\/\" tabindex=\"-1\" >\n\t\t\t<div class=\"elementor-post__thumbnail\"><img loading=\"lazy\" decoding=\"async\" width=\"1261\" height=\"710\" src=\"https:\/\/fcfn.org\/wp-content\/uploads\/2023\/08\/0-1.jpg\" class=\"attachment-full size-full wp-image-2673\" alt=\"Comunidades Ju\u00e1rez\" srcset=\"https:\/\/fcfn.org\/wp-content\/uploads\/2023\/08\/0-1.jpg 1261w, https:\/\/fcfn.org\/wp-content\/uploads\/2023\/08\/0-1-300x169.jpg 300w, https:\/\/fcfn.org\/wp-content\/uploads\/2023\/08\/0-1-1024x577.jpg 1024w, https:\/\/fcfn.org\/wp-content\/uploads\/2023\/08\/0-1-768x432.jpg 768w, https:\/\/fcfn.org\/wp-content\/uploads\/2023\/08\/0-1-18x10.jpg 18w\" sizes=\"(max-width: 1261px) 100vw, 1261px\" \/><\/div>\n\t\t<\/a>\n\t\t\t\t<div class=\"elementor-post__text\">\n\t\t\t\t<h3 class=\"elementor-post__title\">\n\t\t\t<a href=\"https:\/\/fcfn.org\/en\/comunidades-juarez-listos-para-la-fiesta\/\" >\n\t\t\t\tComunidades Ju\u00e1rez: \u00bfListos para la fiesta?\t\t\t<\/a>\n\t\t<\/h3>\n\t\t\t\t<div class=\"elementor-post__meta-data\">\n\t\t\t\t\t<span class=\"elementor-post-date\">\n\t\t\tAugust 31, 2023\t\t<\/span>\n\t\t\t\t<span class=\"elementor-post-avatar\">\n\t\t\t1 Comment\t\t<\/span>\n\t\t\t\t<\/div>\n\t\t\t\t<div class=\"elementor-post__excerpt\">\n\t\t\t<p>Comunidades Ju\u00e1rez celebrar\u00e1 una jornada comunitaria, para celebrar dos a\u00f1os de logros de la comunidad del suroriente, el pr\u00f3ximo 1 de septiembre en la avenida Lote Bravo, frente al CBTIS 270<\/p>\n\t\t<\/div>\n\t\t\n\t\t<a class=\"elementor-post__read-more\" href=\"https:\/\/fcfn.org\/en\/comunidades-juarez-listos-para-la-fiesta\/\" aria-label=\"Read more about Comunidades Ju\u00e1rez: \u00bfListos para la fiesta?\" tabindex=\"-1\" >\n\t\t\tLeer m\u00e1s \u00bb\t\t<\/a>\n\n\t\t\t\t<\/div>\n\t\t\t\t<\/article>\n\t\t\t\t<article class=\"elementor-post elementor-grid-item post-2620 post type-post status-publish format-standard has-post-thumbnail hentry category-desafio tag-cenaltec tag-desafio tag-feria-del-empleo\" role=\"listitem\">\n\t\t\t\t<a class=\"elementor-post__thumbnail__link\" href=\"https:\/\/fcfn.org\/en\/segunda-feria-del-empleo-una-oportunidad-en-el-patio-de-tu-escuela\/\" tabindex=\"-1\" >\n\t\t\t<div class=\"elementor-post__thumbnail\"><img loading=\"lazy\" decoding=\"async\" width=\"2048\" height=\"1365\" src=\"https:\/\/fcfn.org\/wp-content\/uploads\/2023\/08\/Feria-del-empleo-06.jpg\" class=\"attachment-full size-full wp-image-2646\" alt=\"Segunda Feria del Empleo\" srcset=\"https:\/\/fcfn.org\/wp-content\/uploads\/2023\/08\/Feria-del-empleo-06.jpg 2048w, https:\/\/fcfn.org\/wp-content\/uploads\/2023\/08\/Feria-del-empleo-06-300x200.jpg 300w, https:\/\/fcfn.org\/wp-content\/uploads\/2023\/08\/Feria-del-empleo-06-1024x683.jpg 1024w, https:\/\/fcfn.org\/wp-content\/uploads\/2023\/08\/Feria-del-empleo-06-768x512.jpg 768w, https:\/\/fcfn.org\/wp-content\/uploads\/2023\/08\/Feria-del-empleo-06-1536x1024.jpg 1536w, https:\/\/fcfn.org\/wp-content\/uploads\/2023\/08\/Feria-del-empleo-06-18x12.jpg 18w\" sizes=\"(max-width: 2048px) 100vw, 2048px\" \/><\/div>\n\t\t<\/a>\n\t\t\t\t<div class=\"elementor-post__text\">\n\t\t\t\t<h3 class=\"elementor-post__title\">\n\t\t\t<a href=\"https:\/\/fcfn.org\/en\/segunda-feria-del-empleo-una-oportunidad-en-el-patio-de-tu-escuela\/\" >\n\t\t\t\tSegunda Feria del Empleo: una oportunidad en el patio de tu escuela\t\t\t<\/a>\n\t\t<\/h3>\n\t\t\t\t<div class=\"elementor-post__meta-data\">\n\t\t\t\t\t<span class=\"elementor-post-date\">\n\t\t\tAugust 18, 2023\t\t<\/span>\n\t\t\t\t<span class=\"elementor-post-avatar\">\n\t\t\tNo Comments\t\t<\/span>\n\t\t\t\t<\/div>\n\t\t\t\t<div class=\"elementor-post__excerpt\">\n\t\t\t<p>CENALTEC y Desaf\u00edo organizan la Segunda Feria del Empleo, en el que poblaci\u00f3n estudiantil y p\u00fablico en general pudo acercarse a conocer las vacantes de alrededor de 20 empresas locales<\/p>\n\t\t<\/div>\n\t\t\n\t\t<a class=\"elementor-post__read-more\" href=\"https:\/\/fcfn.org\/en\/segunda-feria-del-empleo-una-oportunidad-en-el-patio-de-tu-escuela\/\" aria-label=\"Read more about Segunda Feria del Empleo: una oportunidad en el patio de tu escuela\" tabindex=\"-1\" >\n\t\t\tLeer m\u00e1s \u00bb\t\t<\/a>\n\n\t\t\t\t<\/div>\n\t\t\t\t<\/article>\n\t\t\t\t<\/div>\n\t\t\n\t\t\t\t\t\t<\/div>\n\t\t\t\t<\/div>\n\t\t\t\t\t<\/div>\n\t\t<\/div>\n\t\t\t\t\t<\/div>\n\t\t<\/section>\n\t\t\t\t<\/div>","protected":false},"excerpt":{"rendered":"","protected":false},"author":3,"featured_media":0,"parent":0,"menu_order":0,"comment_status":"closed","ping_status":"closed","template":"elementor_header_footer","meta":{"footnotes":""},"class_list":["post-2596","page","type-page","status-publish","hentry"],"yoast_head":"<!-- This site is optimized with the Yoast SEO plugin v26.6 - https:\/\/yoast.com\/wordpress\/plugins\/seo\/ -->\n<title>Noticias - Fundaci\u00f3n Comunitaria de la Frontera Norte, A.C.<\/title>\n<meta name=\"robots\" content=\"index, follow, max-snippet:-1, max-image-preview:large, max-video-preview:-1\" \/>\n<link rel=\"canonical\" href=\"https:\/\/fcfn.org\/en\/noticias\/\" \/>\n<meta property=\"og:locale\" content=\"en_US\" \/>\n<meta property=\"og:type\" content=\"article\" \/>\n<meta property=\"og:title\" content=\"Noticias - Fundaci\u00f3n Comunitaria de la Frontera Norte, A.C.\" \/>\n<meta property=\"og:url\" content=\"https:\/\/fcfn.org\/en\/noticias\/\" \/>\n<meta property=\"og:site_name\" content=\"Fundaci\u00f3n Comunitaria de la Frontera Norte, A.C.\" \/>\n<meta property=\"article:modified_time\" content=\"2023-08-18T18:38:23+00:00\" \/>\n<meta name=\"twitter:card\" content=\"summary_large_image\" \/>\n<script type=\"application\/ld+json\" class=\"yoast-schema-graph\">{\"@context\":\"https:\/\/schema.org\",\"@graph\":[{\"@type\":\"WebPage\",\"@id\":\"https:\/\/fcfn.org\/en\/noticias\/\",\"url\":\"https:\/\/fcfn.org\/en\/noticias\/\",\"name\":\"Noticias - Fundaci\u00f3n Comunitaria de la Frontera Norte, A.C.\",\"isPartOf\":{\"@id\":\"https:\/\/fcfn.org\/en\/#website\"},\"datePublished\":\"2023-08-18T18:12:16+00:00\",\"dateModified\":\"2023-08-18T18:38:23+00:00\",\"breadcrumb\":{\"@id\":\"https:\/\/fcfn.org\/en\/noticias\/#breadcrumb\"},\"inLanguage\":\"en-US\",\"potentialAction\":[{\"@type\":\"ReadAction\",\"target\":[\"https:\/\/fcfn.org\/en\/noticias\/\"]}]},{\"@type\":\"BreadcrumbList\",\"@id\":\"https:\/\/fcfn.org\/en\/noticias\/#breadcrumb\",\"itemListElement\":[{\"@type\":\"ListItem\",\"position\":1,\"name\":\"Inicio\",\"item\":\"https:\/\/fcfn.org\/\"},{\"@type\":\"ListItem\",\"position\":2,\"name\":\"Noticias\"}]},{\"@type\":\"WebSite\",\"@id\":\"https:\/\/fcfn.org\/en\/#website\",\"url\":\"https:\/\/fcfn.org\/en\/\",\"name\":\"Fundaci\u00f3n Comunitaria de la Frontera Norte, A.C.\",\"description\":\"Fundaci\u00f3n Comunitaria de la Frontera Norte, A.C.\",\"publisher\":{\"@id\":\"https:\/\/fcfn.org\/en\/#organization\"},\"potentialAction\":[{\"@type\":\"SearchAction\",\"target\":{\"@type\":\"EntryPoint\",\"urlTemplate\":\"https:\/\/fcfn.org\/en\/?s={search_term_string}\"},\"query-input\":{\"@type\":\"PropertyValueSpecification\",\"valueRequired\":true,\"valueName\":\"search_term_string\"}}],\"inLanguage\":\"en-US\"},{\"@type\":\"Organization\",\"@id\":\"https:\/\/fcfn.org\/en\/#organization\",\"name\":\"Fundaci\u00f3n Comunitaria de la Frontera Norte, A.C.\",\"url\":\"https:\/\/fcfn.org\/en\/\",\"logo\":{\"@type\":\"ImageObject\",\"inLanguage\":\"en-US\",\"@id\":\"https:\/\/fcfn.org\/en\/#\/schema\/logo\/image\/\",\"url\":\"https:\/\/fcfn.org\/wp-content\/uploads\/2023\/04\/Logo_FCNF.jpg\",\"contentUrl\":\"https:\/\/fcfn.org\/wp-content\/uploads\/2023\/04\/Logo_FCNF.jpg\",\"width\":1050,\"height\":964,\"caption\":\"Fundaci\u00f3n Comunitaria de la Frontera Norte, A.C.\"},\"image\":{\"@id\":\"https:\/\/fcfn.org\/en\/#\/schema\/logo\/image\/\"}}]}<\/script>\n<!-- \/ Yoast SEO plugin. -->","yoast_head_json":{"title":"Noticias - Fundaci\u00f3n Comunitaria de la Frontera Norte, A.C.","robots":{"index":"index","follow":"follow","max-snippet":"max-snippet:-1","max-image-preview":"max-image-preview:large","max-video-preview":"max-video-preview:-1"},"canonical":"https:\/\/fcfn.org\/en\/noticias\/","og_locale":"en_US","og_type":"article","og_title":"Noticias - Fundaci\u00f3n Comunitaria de la Frontera Norte, A.C.","og_url":"https:\/\/fcfn.org\/en\/noticias\/","og_site_name":"Fundaci\u00f3n Comunitaria de la Frontera Norte, A.C.","article_modified_time":"2023-08-18T18:38:23+00:00","twitter_card":"summary_large_image","schema":{"@context":"https:\/\/schema.org","@graph":[{"@type":"WebPage","@id":"https:\/\/fcfn.org\/en\/noticias\/","url":"https:\/\/fcfn.org\/en\/noticias\/","name":"Noticias - Fundaci\u00f3n Comunitaria de la Frontera Norte, A.C.","isPartOf":{"@id":"https:\/\/fcfn.org\/en\/#website"},"datePublished":"2023-08-18T18:12:16+00:00","dateModified":"2023-08-18T18:38:23+00:00","breadcrumb":{"@id":"https:\/\/fcfn.org\/en\/noticias\/#breadcrumb"},"inLanguage":"en-US","potentialAction":[{"@type":"ReadAction","target":["https:\/\/fcfn.org\/en\/noticias\/"]}]},{"@type":"BreadcrumbList","@id":"https:\/\/fcfn.org\/en\/noticias\/#breadcrumb","itemListElement":[{"@type":"ListItem","position":1,"name":"Inicio","item":"https:\/\/fcfn.org\/"},{"@type":"ListItem","position":2,"name":"Noticias"}]},{"@type":"WebSite","@id":"https:\/\/fcfn.org\/en\/#website","url":"https:\/\/fcfn.org\/en\/","name":"Fundaci\u00f3n Comunitaria de la Frontera Norte, A.C.","description":"Fundaci\u00f3n Comunitaria de la Frontera Norte, A.C.","publisher":{"@id":"https:\/\/fcfn.org\/en\/#organization"},"potentialAction":[{"@type":"SearchAction","target":{"@type":"EntryPoint","urlTemplate":"https:\/\/fcfn.org\/en\/?s={search_term_string}"},"query-input":{"@type":"PropertyValueSpecification","valueRequired":true,"valueName":"search_term_string"}}],"inLanguage":"en-US"},{"@type":"Organization","@id":"https:\/\/fcfn.org\/en\/#organization","name":"Fundaci\u00f3n Comunitaria de la Frontera Norte, A.C.","url":"https:\/\/fcfn.org\/en\/","logo":{"@type":"ImageObject","inLanguage":"en-US","@id":"https:\/\/fcfn.org\/en\/#\/schema\/logo\/image\/","url":"https:\/\/fcfn.org\/wp-content\/uploads\/2023\/04\/Logo_FCNF.jpg","contentUrl":"https:\/\/fcfn.org\/wp-content\/uploads\/2023\/04\/Logo_FCNF.jpg","width":1050,"height":964,"caption":"Fundaci\u00f3n Comunitaria de la Frontera Norte, A.C."},"image":{"@id":"https:\/\/fcfn.org\/en\/#\/schema\/logo\/image\/"}}]}},"_links":{"self":[{"href":"https:\/\/fcfn.org\/en\/wp-json\/wp\/v2\/pages\/2596","targetHints":{"allow":["GET"]}}],"collection":[{"href":"https:\/\/fcfn.org\/en\/wp-json\/wp\/v2\/pages"}],"about":[{"href":"https:\/\/fcfn.org\/en\/wp-json\/wp\/v2\/types\/page"}],"author":[{"embeddable":true,"href":"https:\/\/fcfn.org\/en\/wp-json\/wp\/v2\/users\/3"}],"replies":[{"embeddable":true,"href":"https:\/\/fcfn.org\/en\/wp-json\/wp\/v2\/comments?post=2596"}],"version-history":[{"count":13,"href":"https:\/\/fcfn.org\/en\/wp-json\/wp\/v2\/pages\/2596\/revisions"}],"predecessor-version":[{"id":2614,"href":"https:\/\/fcfn.org\/en\/wp-json\/wp\/v2\/pages\/2596\/revisions\/2614"}],"wp:attachment":[{"href":"https:\/\/fcfn.org\/en\/wp-json\/wp\/v2\/media?parent=2596"}],"curies":[{"name":"wp","href":"https:\/\/api.w.org\/{rel}","templated":true}]}}