{"id":33,"date":"2016-02-09T18:24:35","date_gmt":"2016-02-09T18:24:35","guid":{"rendered":"http:\/\/fcfn.org\/?page_id=33"},"modified":"2017-03-31T17:00:14","modified_gmt":"2017-03-31T17:00:14","slug":"fondo-de-desarrollo-social","status":"publish","type":"page","link":"https:\/\/fcfn.org\/en\/fondo-de-desarrollo-social\/","title":{"rendered":"Fondos de Desarrollo Social"},"content":{"rendered":"<div style=\"text-align: justify;\"><\/div>\n<div style=\"text-align: justify;\"><img fetchpriority=\"high\" decoding=\"async\" class=\"aligncenter wp-image-199\" src=\"http:\/\/fcfn.org\/wp-content\/uploads\/2016\/02\/FondosdeDesarrolloSocial-logo.jpg\" alt=\"FondosdeDesarrolloSocial-logo\" width=\"846\" height=\"231\" srcset=\"https:\/\/fcfn.org\/wp-content\/uploads\/2016\/02\/FondosdeDesarrolloSocial-logo.jpg 2505w, https:\/\/fcfn.org\/wp-content\/uploads\/2016\/02\/FondosdeDesarrolloSocial-logo-300x82.jpg 300w, https:\/\/fcfn.org\/wp-content\/uploads\/2016\/02\/FondosdeDesarrolloSocial-logo-768x210.jpg 768w, https:\/\/fcfn.org\/wp-content\/uploads\/2016\/02\/FondosdeDesarrolloSocial-logo-1024x280.jpg 1024w\" sizes=\"(max-width: 846px) 100vw, 846px\" \/><\/div>\n<div style=\"text-align: justify;\"><\/div>\n<div style=\"text-align: justify;\"><\/div>\n<div style=\"text-align: justify;\"><span style=\"font-family: trebuchet ms,helvetica,sans-serif;\"><span class=\"dropcap\">L<\/span>os fondos de desarrollo social son herramientas que ofrecemos a nuestros donantes para canalizar sus recursos a diversos proyectos sociales y a las organizaciones de la sociedad civil y grupos de ciudadanos organizados para ejecutar sus proyectos. Los \u00a0donantes suscriben un convenio con la Fundaci\u00f3n para establecer el monto del donativo, la duraci\u00f3n y el destino de los recursos. La FCFNAC adquiere la encomienda de canalizar los recursos a las organizaciones de la sociedad civil o grupos de ciudadanos organizados que atienden la problem\u00e1tica determinada con un proyecto espec\u00edfico y que el donante desea contribuir en su resoluci\u00f3n mediante su inversi\u00f3n. La Fundaci\u00f3n monitorea y transparenta el uso de los recursos del donante para el beneficio de la comunidad ofreci\u00e9ndole certeza del impacto social de su inversi\u00f3n.<\/span><\/div>\n<div style=\"text-align: justify;\"><\/div>\n<div style=\"text-align: justify;\"><span style=\"font-family: trebuchet ms,helvetica,sans-serif;\">Hemos apoyado decenas de proyectos a trav\u00e9s de este mecanismo. Actualmente contamos con fondos activos que apoyan proyectos de salud, educaci\u00f3n, arte, participaci\u00f3n ciudadana, desarrollo comunitario, atenci\u00f3n a j\u00f3venes y mujeres en situaci\u00f3n de riesgo, fortalecimiento de organizaciones de la sociedad civil, asistencia social y medio ambiente.<\/span><\/div>\n<div style=\"text-align: justify;\"><\/div>\n<div style=\"text-align: justify;\"><span style=\"font-family: trebuchet ms,helvetica,sans-serif;\">Si es de tu inter\u00e9s abrir un fondo con nosotros, te invitamos a contactarnos al correo <a href=\"\/en\/fundacion@fcfn.org\/\">fundacion<\/a><a href=\"mailto:direcci\u00f3n@fcfn.org\">@fcfn.org<\/a><\/span><\/div>\n<div style=\"text-align: justify;\"><\/div>\n<p>&nbsp;<\/p>","protected":false},"excerpt":{"rendered":"<p>Los fondos de desarrollo social son herramientas que ofrecemos a nuestros donantes para canalizar sus recursos a diversos proyectos sociales y a las organizaciones de la sociedad civil y grupos de ciudadanos organizados para ejecutar sus proyectos. Los \u00a0donantes suscriben un convenio con la Fundaci\u00f3n para establecer el monto del donativo, la duraci\u00f3n y el [&hellip;]<\/p>","protected":false},"author":1,"featured_media":0,"parent":0,"menu_order":0,"comment_status":"closed","ping_status":"closed","template":"","meta":{"footnotes":""},"class_list":["post-33","page","type-page","status-publish","hentry"],"yoast_head":"<!-- This site is optimized with the Yoast SEO plugin v26.6 - https:\/\/yoast.com\/wordpress\/plugins\/seo\/ -->\n<title>Fondos de Desarrollo Social - Fundaci\u00f3n Comunitaria de la Frontera Norte, A.C.<\/title>\n<meta name=\"robots\" content=\"index, follow, max-snippet:-1, max-image-preview:large, max-video-preview:-1\" \/>\n<link rel=\"canonical\" href=\"https:\/\/fcfn.org\/en\/fondo-de-desarrollo-social\/\" \/>\n<meta property=\"og:locale\" content=\"en_US\" \/>\n<meta property=\"og:type\" content=\"article\" \/>\n<meta property=\"og:title\" content=\"Fondos de Desarrollo Social - Fundaci\u00f3n Comunitaria de la Frontera Norte, A.C.\" \/>\n<meta property=\"og:description\" content=\"Los fondos de desarrollo social son herramientas que ofrecemos a nuestros donantes para canalizar sus recursos a diversos proyectos sociales y a las organizaciones de la sociedad civil y grupos de ciudadanos organizados para ejecutar sus proyectos. Los \u00a0donantes suscriben un convenio con la Fundaci\u00f3n para establecer el monto del donativo, la duraci\u00f3n y el [&hellip;]\" \/>\n<meta property=\"og:url\" content=\"https:\/\/fcfn.org\/en\/fondo-de-desarrollo-social\/\" \/>\n<meta property=\"og:site_name\" content=\"Fundaci\u00f3n Comunitaria de la Frontera Norte, A.C.\" \/>\n<meta property=\"article:modified_time\" content=\"2017-03-31T17:00:14+00:00\" \/>\n<meta property=\"og:image\" content=\"http:\/\/fcfn.org\/wp-content\/uploads\/2016\/02\/FondosdeDesarrolloSocial-logo.jpg\" \/>\n<meta name=\"twitter:card\" content=\"summary_large_image\" \/>\n<meta name=\"twitter:label1\" content=\"Est. reading time\" \/>\n\t<meta name=\"twitter:data1\" content=\"1 minute\" \/>\n<script type=\"application\/ld+json\" class=\"yoast-schema-graph\">{\"@context\":\"https:\/\/schema.org\",\"@graph\":[{\"@type\":\"WebPage\",\"@id\":\"https:\/\/fcfn.org\/fondo-de-desarrollo-social\/\",\"url\":\"https:\/\/fcfn.org\/fondo-de-desarrollo-social\/\",\"name\":\"Fondos de Desarrollo Social - Fundaci\u00f3n Comunitaria de la Frontera Norte, A.C.\",\"isPartOf\":{\"@id\":\"https:\/\/fcfn.org\/en\/#website\"},\"primaryImageOfPage\":{\"@id\":\"https:\/\/fcfn.org\/fondo-de-desarrollo-social\/#primaryimage\"},\"image\":{\"@id\":\"https:\/\/fcfn.org\/fondo-de-desarrollo-social\/#primaryimage\"},\"thumbnailUrl\":\"http:\/\/fcfn.org\/wp-content\/uploads\/2016\/02\/FondosdeDesarrolloSocial-logo.jpg\",\"datePublished\":\"2016-02-09T18:24:35+00:00\",\"dateModified\":\"2017-03-31T17:00:14+00:00\",\"breadcrumb\":{\"@id\":\"https:\/\/fcfn.org\/fondo-de-desarrollo-social\/#breadcrumb\"},\"inLanguage\":\"en-US\",\"potentialAction\":[{\"@type\":\"ReadAction\",\"target\":[\"https:\/\/fcfn.org\/fondo-de-desarrollo-social\/\"]}]},{\"@type\":\"ImageObject\",\"inLanguage\":\"en-US\",\"@id\":\"https:\/\/fcfn.org\/fondo-de-desarrollo-social\/#primaryimage\",\"url\":\"http:\/\/fcfn.org\/wp-content\/uploads\/2016\/02\/FondosdeDesarrolloSocial-logo.jpg\",\"contentUrl\":\"http:\/\/fcfn.org\/wp-content\/uploads\/2016\/02\/FondosdeDesarrolloSocial-logo.jpg\"},{\"@type\":\"BreadcrumbList\",\"@id\":\"https:\/\/fcfn.org\/fondo-de-desarrollo-social\/#breadcrumb\",\"itemListElement\":[{\"@type\":\"ListItem\",\"position\":1,\"name\":\"Inicio\",\"item\":\"https:\/\/fcfn.org\/\"},{\"@type\":\"ListItem\",\"position\":2,\"name\":\"Fondos de Desarrollo Social\"}]},{\"@type\":\"WebSite\",\"@id\":\"https:\/\/fcfn.org\/en\/#website\",\"url\":\"https:\/\/fcfn.org\/en\/\",\"name\":\"Fundaci\u00f3n Comunitaria de la Frontera Norte, A.C.\",\"description\":\"Fundaci\u00f3n Comunitaria de la Frontera Norte, A.C.\",\"publisher\":{\"@id\":\"https:\/\/fcfn.org\/en\/#organization\"},\"potentialAction\":[{\"@type\":\"SearchAction\",\"target\":{\"@type\":\"EntryPoint\",\"urlTemplate\":\"https:\/\/fcfn.org\/en\/?s={search_term_string}\"},\"query-input\":{\"@type\":\"PropertyValueSpecification\",\"valueRequired\":true,\"valueName\":\"search_term_string\"}}],\"inLanguage\":\"en-US\"},{\"@type\":\"Organization\",\"@id\":\"https:\/\/fcfn.org\/en\/#organization\",\"name\":\"Fundaci\u00f3n Comunitaria de la Frontera Norte, A.C.\",\"url\":\"https:\/\/fcfn.org\/en\/\",\"logo\":{\"@type\":\"ImageObject\",\"inLanguage\":\"en-US\",\"@id\":\"https:\/\/fcfn.org\/en\/#\/schema\/logo\/image\/\",\"url\":\"https:\/\/fcfn.org\/wp-content\/uploads\/2023\/04\/Logo_FCNF.jpg\",\"contentUrl\":\"https:\/\/fcfn.org\/wp-content\/uploads\/2023\/04\/Logo_FCNF.jpg\",\"width\":1050,\"height\":964,\"caption\":\"Fundaci\u00f3n Comunitaria de la Frontera Norte, A.C.\"},\"image\":{\"@id\":\"https:\/\/fcfn.org\/en\/#\/schema\/logo\/image\/\"}}]}<\/script>\n<!-- \/ Yoast SEO plugin. -->","yoast_head_json":{"title":"Fondos de Desarrollo Social - Fundaci\u00f3n Comunitaria de la Frontera Norte, A.C.","robots":{"index":"index","follow":"follow","max-snippet":"max-snippet:-1","max-image-preview":"max-image-preview:large","max-video-preview":"max-video-preview:-1"},"canonical":"https:\/\/fcfn.org\/en\/fondo-de-desarrollo-social\/","og_locale":"en_US","og_type":"article","og_title":"Fondos de Desarrollo Social - Fundaci\u00f3n Comunitaria de la Frontera Norte, A.C.","og_description":"Los fondos de desarrollo social son herramientas que ofrecemos a nuestros donantes para canalizar sus recursos a diversos proyectos sociales y a las organizaciones de la sociedad civil y grupos de ciudadanos organizados para ejecutar sus proyectos. Los \u00a0donantes suscriben un convenio con la Fundaci\u00f3n para establecer el monto del donativo, la duraci\u00f3n y el [&hellip;]","og_url":"https:\/\/fcfn.org\/en\/fondo-de-desarrollo-social\/","og_site_name":"Fundaci\u00f3n Comunitaria de la Frontera Norte, A.C.","article_modified_time":"2017-03-31T17:00:14+00:00","og_image":[{"url":"http:\/\/fcfn.org\/wp-content\/uploads\/2016\/02\/FondosdeDesarrolloSocial-logo.jpg","type":"","width":"","height":""}],"twitter_card":"summary_large_image","twitter_misc":{"Est. reading time":"1 minute"},"schema":{"@context":"https:\/\/schema.org","@graph":[{"@type":"WebPage","@id":"https:\/\/fcfn.org\/fondo-de-desarrollo-social\/","url":"https:\/\/fcfn.org\/fondo-de-desarrollo-social\/","name":"Fondos de Desarrollo Social - Fundaci\u00f3n Comunitaria de la Frontera Norte, A.C.","isPartOf":{"@id":"https:\/\/fcfn.org\/en\/#website"},"primaryImageOfPage":{"@id":"https:\/\/fcfn.org\/fondo-de-desarrollo-social\/#primaryimage"},"image":{"@id":"https:\/\/fcfn.org\/fondo-de-desarrollo-social\/#primaryimage"},"thumbnailUrl":"http:\/\/fcfn.org\/wp-content\/uploads\/2016\/02\/FondosdeDesarrolloSocial-logo.jpg","datePublished":"2016-02-09T18:24:35+00:00","dateModified":"2017-03-31T17:00:14+00:00","breadcrumb":{"@id":"https:\/\/fcfn.org\/fondo-de-desarrollo-social\/#breadcrumb"},"inLanguage":"en-US","potentialAction":[{"@type":"ReadAction","target":["https:\/\/fcfn.org\/fondo-de-desarrollo-social\/"]}]},{"@type":"ImageObject","inLanguage":"en-US","@id":"https:\/\/fcfn.org\/fondo-de-desarrollo-social\/#primaryimage","url":"http:\/\/fcfn.org\/wp-content\/uploads\/2016\/02\/FondosdeDesarrolloSocial-logo.jpg","contentUrl":"http:\/\/fcfn.org\/wp-content\/uploads\/2016\/02\/FondosdeDesarrolloSocial-logo.jpg"},{"@type":"BreadcrumbList","@id":"https:\/\/fcfn.org\/fondo-de-desarrollo-social\/#breadcrumb","itemListElement":[{"@type":"ListItem","position":1,"name":"Inicio","item":"https:\/\/fcfn.org\/"},{"@type":"ListItem","position":2,"name":"Fondos de Desarrollo Social"}]},{"@type":"WebSite","@id":"https:\/\/fcfn.org\/en\/#website","url":"https:\/\/fcfn.org\/en\/","name":"Fundaci\u00f3n Comunitaria de la Frontera Norte, A.C.","description":"Fundaci\u00f3n Comunitaria de la Frontera Norte, A.C.","publisher":{"@id":"https:\/\/fcfn.org\/en\/#organization"},"potentialAction":[{"@type":"SearchAction","target":{"@type":"EntryPoint","urlTemplate":"https:\/\/fcfn.org\/en\/?s={search_term_string}"},"query-input":{"@type":"PropertyValueSpecification","valueRequired":true,"valueName":"search_term_string"}}],"inLanguage":"en-US"},{"@type":"Organization","@id":"https:\/\/fcfn.org\/en\/#organization","name":"Fundaci\u00f3n Comunitaria de la Frontera Norte, A.C.","url":"https:\/\/fcfn.org\/en\/","logo":{"@type":"ImageObject","inLanguage":"en-US","@id":"https:\/\/fcfn.org\/en\/#\/schema\/logo\/image\/","url":"https:\/\/fcfn.org\/wp-content\/uploads\/2023\/04\/Logo_FCNF.jpg","contentUrl":"https:\/\/fcfn.org\/wp-content\/uploads\/2023\/04\/Logo_FCNF.jpg","width":1050,"height":964,"caption":"Fundaci\u00f3n Comunitaria de la Frontera Norte, A.C."},"image":{"@id":"https:\/\/fcfn.org\/en\/#\/schema\/logo\/image\/"}}]}},"_links":{"self":[{"href":"https:\/\/fcfn.org\/en\/wp-json\/wp\/v2\/pages\/33","targetHints":{"allow":["GET"]}}],"collection":[{"href":"https:\/\/fcfn.org\/en\/wp-json\/wp\/v2\/pages"}],"about":[{"href":"https:\/\/fcfn.org\/en\/wp-json\/wp\/v2\/types\/page"}],"author":[{"embeddable":true,"href":"https:\/\/fcfn.org\/en\/wp-json\/wp\/v2\/users\/1"}],"replies":[{"embeddable":true,"href":"https:\/\/fcfn.org\/en\/wp-json\/wp\/v2\/comments?post=33"}],"version-history":[{"count":6,"href":"https:\/\/fcfn.org\/en\/wp-json\/wp\/v2\/pages\/33\/revisions"}],"predecessor-version":[{"id":226,"href":"https:\/\/fcfn.org\/en\/wp-json\/wp\/v2\/pages\/33\/revisions\/226"}],"wp:attachment":[{"href":"https:\/\/fcfn.org\/en\/wp-json\/wp\/v2\/media?parent=33"}],"curies":[{"name":"wp","href":"https:\/\/api.w.org\/{rel}","templated":true}]}}