{"id":599,"date":"2017-07-28T17:26:31","date_gmt":"2017-07-28T17:26:31","guid":{"rendered":"http:\/\/fcfn.org\/?page_id=599"},"modified":"2017-07-28T21:45:49","modified_gmt":"2017-07-28T21:45:49","slug":"programa-apadrinando-suenos","status":"publish","type":"page","link":"https:\/\/fcfn.org\/en\/programa-apadrinando-suenos\/","title":{"rendered":"Programa Apadrinando sue\u00f1os"},"content":{"rendered":"<p>[fusion_builder_container hundred_percent=&#8221;no&#8221; equal_height_columns=&#8221;no&#8221; menu_anchor=&#8221;&#8221; hide_on_mobile=&#8221;small-visibility,medium-visibility,large-visibility&#8221; class=&#8221;&#8221; id=&#8221;&#8221; background_color=&#8221;&#8221; background_image=&#8221;&#8221; background_position=&#8221;center center&#8221; background_repeat=&#8221;no-repeat&#8221; fade=&#8221;no&#8221; background_parallax=&#8221;none&#8221; enable_mobile=&#8221;no&#8221; parallax_speed=&#8221;0.3&#8243; video_mp4=&#8221;&#8221; video_webm=&#8221;&#8221; video_ogv=&#8221;&#8221; video_url=&#8221;&#8221; video_aspect_ratio=&#8221;16:9&#8243; video_loop=&#8221;yes&#8221; video_mute=&#8221;yes&#8221; video_preview_image=&#8221;&#8221; border_size=&#8221;&#8221; border_color=&#8221;&#8221; border_style=&#8221;solid&#8221;][fusion_builder_row][fusion_builder_column type=&#8221;1_1&#8243; layout=&#8221;1_1&#8243; spacing=&#8221;&#8221; center_content=&#8221;no&#8221; hover_type=&#8221;none&#8221; link=&#8221;&#8221; min_height=&#8221;&#8221; hide_on_mobile=&#8221;small-visibility,medium-visibility,large-visibility&#8221; class=&#8221;&#8221; id=&#8221;&#8221; background_color=&#8221;&#8221; background_image=&#8221;&#8221; background_position=&#8221;left top&#8221; background_repeat=&#8221;no-repeat&#8221; border_size=&#8221;0&#8243; border_color=&#8221;&#8221; border_style=&#8221;solid&#8221; border_position=&#8221;all&#8221; padding=&#8221;&#8221; dimension_margin=&#8221;&#8221; animation_type=&#8221;&#8221; animation_direction=&#8221;left&#8221; animation_speed=&#8221;0.3&#8243; animation_offset=&#8221;&#8221; last=&#8221;no&#8221;][fusion_title margin_top=&#8221;&#8221; margin_bottom=&#8221;&#8221; hide_on_mobile=&#8221;small-visibility,medium-visibility,large-visibility&#8221; class=&#8221;&#8221; id=&#8221;&#8221; size=&#8221;1&#8243; content_align=&#8221;center&#8221; style_type=&#8221;default&#8221; sep_color=&#8221;#ff9800&#8243;]<\/p>\n<h1>Programa Apadrinando Sue\u00f1os<\/h1>\n<p>[\/fusion_title][fusion_imageframe image_id=&#8221;614&#8243; style_type=&#8221;none&#8221; stylecolor=&#8221;&#8221; hover_type=&#8221;none&#8221; bordersize=&#8221;&#8221; bordercolor=&#8221;&#8221; borderradius=&#8221;&#8221; align=&#8221;center&#8221; lightbox=&#8221;no&#8221; gallery_id=&#8221;&#8221; lightbox_image=&#8221;&#8221; alt=&#8221;&#8221; link=&#8221;&#8221; linktarget=&#8221;_self&#8221; hide_on_mobile=&#8221;small-visibility,medium-visibility,large-visibility&#8221; class=&#8221;&#8221; id=&#8221;&#8221; animation_type=&#8221;&#8221; animation_direction=&#8221;left&#8221; animation_speed=&#8221;0.3&#8243; animation_offset=&#8221;&#8221;]http:\/\/fcfn.org\/wp-content\/uploads\/2017\/07\/apadrinando-02-300&#215;282.png[\/fusion_imageframe][fusion_text]<\/p>\n<p style=\"text-align: center;\">\u00bfTienes el deseo de ayudar pero no cuentas con los medios suficientes?<\/p>\n<p style=\"text-align: center;\">\u00bfQuisieras contribuir al desarrollo de un joven de Ciudad Ju\u00e1rez?<\/p>\n<p style=\"text-align: center;\"><strong>El programa Apadrinado Sue\u00f1os es para ti.<\/strong><\/p>\n<p>El programa tiene el objetivo de acercar a personas con voluntad de ayudar, la posibilidad de incidir en un cambio de vida positivo de las y los j\u00f3venes del modelo Desaf\u00edo, mediante apadrinamientos consistentes en mentoraje y donativos.<\/p>\n<p>Ya sea de manera individual o grupal, los mentores re\u00fanen y donan a la Fundaci\u00f3n Comunitaria el monto equivalente a la inversi\u00f3n total y \u00fanica que un joven requiere para todo su proceso de formaci\u00f3n. De esa forma, garantizamos recursos suficientes y damos la oportunidad de que exista un acercamiento que le brinde experiencias positivas.<\/p>\n<p>El monto a reunir para apoyar a j\u00f3venes de la generaci\u00f3n 12 es de $13,300 pesos y son deducibles del impuesto sobre la renta.<\/p>\n<p><strong>El Modelo Desaf\u00edo<\/strong><\/p>\n<p>El <a href=\"http:\/\/fcfn.org\/en\/desafio\/\">Modelo Desaf\u00edo<\/a> busca insertar a una vida productiva y participativa a j\u00f3venes juarenses de 16 a 29 a\u00f1os en situaci\u00f3n vulnerable que no estudian, ni trabajan y que habitan en las zonas de mayor rezago e incidencia delictiva de Ciudad Ju\u00e1rez, fortaleciendo factores de protecci\u00f3n asociados a la violencia y delincuencia, mediante apoyo psicosocial, desarrollo de habilidades interpersonales a trav\u00e9s del deporte, capacitaci\u00f3n t\u00e9cnica y servicios laborales para su inserci\u00f3n en el mercado laboral, educaci\u00f3n formal o en el emprendimiento de un negocio. A la fecha, hemos impactado positivamente la vida de 2,771 j\u00f3venes.<\/p>\n<p>\u00bfTe interesa apoyar?<\/p>\n<p>Ll\u00e1manos o escr\u00edbenos, nuestro prop\u00f3sito es ayudarte a ayudar.<\/p>\n<p><strong>Fundaci\u00f3n Comunitaria de la Frontera Norte, A.C.<\/strong><\/p>\n<p><strong>Tel. +52 (656) 625-2540 y 64<\/strong><\/p>\n<p><strong>info@fcfn.org<\/strong><\/p>\n<p>\u00c9ste programa ha sido inspirado por los distribuidores independientes\u00a0de la empresa d\u014dTERRA<\/p>\n<p>[\/fusion_text][\/fusion_builder_column][\/fusion_builder_row][\/fusion_builder_container]<\/p>","protected":false},"excerpt":{"rendered":"<p>[fusion_builder_container hundred_percent=&#8221;no&#8221; equal_height_columns=&#8221;no&#8221; menu_anchor=&#8221;&#8221; hide_on_mobile=&#8221;small-visibility,medium-visibility,large-visibility&#8221; class=&#8221;&#8221; id=&#8221;&#8221; background_color=&#8221;&#8221; background_image=&#8221;&#8221; background_position=&#8221;center center&#8221; background_repeat=&#8221;no-repeat&#8221; fade=&#8221;no&#8221; background_parallax=&#8221;none&#8221; enable_mobile=&#8221;no&#8221; parallax_speed=&#8221;0.3&#8243; video_mp4=&#8221;&#8221; video_webm=&#8221;&#8221; video_ogv=&#8221;&#8221; video_url=&#8221;&#8221; video_aspect_ratio=&#8221;16:9&#8243; video_loop=&#8221;yes&#8221; video_mute=&#8221;yes&#8221; video_preview_image=&#8221;&#8221; border_size=&#8221;&#8221; border_color=&#8221;&#8221; border_style=&#8221;solid&#8221;][fusion_builder_row][fusion_builder_column type=&#8221;1_1&#8243; layout=&#8221;1_1&#8243; spacing=&#8221;&#8221; center_content=&#8221;no&#8221; hover_type=&#8221;none&#8221; link=&#8221;&#8221; min_height=&#8221;&#8221; hide_on_mobile=&#8221;small-visibility,medium-visibility,large-visibility&#8221; class=&#8221;&#8221; id=&#8221;&#8221; background_color=&#8221;&#8221; background_image=&#8221;&#8221; background_position=&#8221;left top&#8221; background_repeat=&#8221;no-repeat&#8221; border_size=&#8221;0&#8243; border_color=&#8221;&#8221; border_style=&#8221;solid&#8221; border_position=&#8221;all&#8221; padding=&#8221;&#8221; dimension_margin=&#8221;&#8221; animation_type=&#8221;&#8221; animation_direction=&#8221;left&#8221; animation_speed=&#8221;0.3&#8243; animation_offset=&#8221;&#8221; last=&#8221;no&#8221;][fusion_title margin_top=&#8221;&#8221; margin_bottom=&#8221;&#8221; [&hellip;]<\/p>","protected":false},"author":1,"featured_media":607,"parent":0,"menu_order":0,"comment_status":"closed","ping_status":"closed","template":"","meta":{"footnotes":""},"class_list":["post-599","page","type-page","status-publish","has-post-thumbnail","hentry"],"yoast_head":"<!-- This site is optimized with the Yoast SEO plugin v26.6 - https:\/\/yoast.com\/wordpress\/plugins\/seo\/ -->\n<title>Programa Apadrinando sue\u00f1os - Fundaci\u00f3n Comunitaria de la Frontera Norte, A.C.<\/title>\n<meta name=\"robots\" content=\"index, follow, max-snippet:-1, max-image-preview:large, max-video-preview:-1\" \/>\n<link rel=\"canonical\" href=\"https:\/\/fcfn.org\/en\/programa-apadrinando-suenos\/\" \/>\n<meta property=\"og:locale\" content=\"en_US\" \/>\n<meta property=\"og:type\" content=\"article\" \/>\n<meta property=\"og:title\" content=\"Programa Apadrinando sue\u00f1os - Fundaci\u00f3n Comunitaria de la Frontera Norte, A.C.\" \/>\n<meta property=\"og:description\" content=\"[fusion_builder_container hundred_percent=&#8221;no&#8221; equal_height_columns=&#8221;no&#8221; menu_anchor=&#8221;&#8221; hide_on_mobile=&#8221;small-visibility,medium-visibility,large-visibility&#8221; class=&#8221;&#8221; id=&#8221;&#8221; background_color=&#8221;&#8221; background_image=&#8221;&#8221; background_position=&#8221;center center&#8221; background_repeat=&#8221;no-repeat&#8221; fade=&#8221;no&#8221; background_parallax=&#8221;none&#8221; enable_mobile=&#8221;no&#8221; parallax_speed=&#8221;0.3&#8243; video_mp4=&#8221;&#8221; video_webm=&#8221;&#8221; video_ogv=&#8221;&#8221; video_url=&#8221;&#8221; video_aspect_ratio=&#8221;16:9&#8243; video_loop=&#8221;yes&#8221; video_mute=&#8221;yes&#8221; video_preview_image=&#8221;&#8221; border_size=&#8221;&#8221; border_color=&#8221;&#8221; border_style=&#8221;solid&#8221;][fusion_builder_row][fusion_builder_column type=&#8221;1_1&#8243; layout=&#8221;1_1&#8243; spacing=&#8221;&#8221; center_content=&#8221;no&#8221; hover_type=&#8221;none&#8221; link=&#8221;&#8221; min_height=&#8221;&#8221; hide_on_mobile=&#8221;small-visibility,medium-visibility,large-visibility&#8221; class=&#8221;&#8221; id=&#8221;&#8221; background_color=&#8221;&#8221; background_image=&#8221;&#8221; background_position=&#8221;left top&#8221; background_repeat=&#8221;no-repeat&#8221; border_size=&#8221;0&#8243; border_color=&#8221;&#8221; border_style=&#8221;solid&#8221; border_position=&#8221;all&#8221; padding=&#8221;&#8221; dimension_margin=&#8221;&#8221; animation_type=&#8221;&#8221; animation_direction=&#8221;left&#8221; animation_speed=&#8221;0.3&#8243; animation_offset=&#8221;&#8221; last=&#8221;no&#8221;][fusion_title margin_top=&#8221;&#8221; margin_bottom=&#8221;&#8221; [&hellip;]\" \/>\n<meta property=\"og:url\" content=\"https:\/\/fcfn.org\/en\/programa-apadrinando-suenos\/\" \/>\n<meta property=\"og:site_name\" content=\"Fundaci\u00f3n Comunitaria de la Frontera Norte, A.C.\" \/>\n<meta property=\"article:modified_time\" content=\"2017-07-28T21:45:49+00:00\" \/>\n<meta property=\"og:image\" content=\"https:\/\/fcfn.org\/wp-content\/uploads\/2017\/07\/17679054468_9ec613510c_o.jpg\" \/>\n\t<meta property=\"og:image:width\" content=\"1800\" \/>\n\t<meta property=\"og:image:height\" content=\"607\" \/>\n\t<meta property=\"og:image:type\" content=\"image\/jpeg\" \/>\n<meta name=\"twitter:card\" content=\"summary_large_image\" \/>\n<meta name=\"twitter:label1\" content=\"Est. reading time\" \/>\n\t<meta name=\"twitter:data1\" content=\"3 minutes\" \/>\n<script type=\"application\/ld+json\" class=\"yoast-schema-graph\">{\"@context\":\"https:\/\/schema.org\",\"@graph\":[{\"@type\":\"WebPage\",\"@id\":\"https:\/\/fcfn.org\/programa-apadrinando-suenos\/\",\"url\":\"https:\/\/fcfn.org\/programa-apadrinando-suenos\/\",\"name\":\"Programa Apadrinando sue\u00f1os - Fundaci\u00f3n Comunitaria de la Frontera Norte, A.C.\",\"isPartOf\":{\"@id\":\"https:\/\/fcfn.org\/en\/#website\"},\"primaryImageOfPage\":{\"@id\":\"https:\/\/fcfn.org\/programa-apadrinando-suenos\/#primaryimage\"},\"image\":{\"@id\":\"https:\/\/fcfn.org\/programa-apadrinando-suenos\/#primaryimage\"},\"thumbnailUrl\":\"https:\/\/fcfn.org\/wp-content\/uploads\/2017\/07\/17679054468_9ec613510c_o.jpg\",\"datePublished\":\"2017-07-28T17:26:31+00:00\",\"dateModified\":\"2017-07-28T21:45:49+00:00\",\"breadcrumb\":{\"@id\":\"https:\/\/fcfn.org\/programa-apadrinando-suenos\/#breadcrumb\"},\"inLanguage\":\"en-US\",\"potentialAction\":[{\"@type\":\"ReadAction\",\"target\":[\"https:\/\/fcfn.org\/programa-apadrinando-suenos\/\"]}]},{\"@type\":\"ImageObject\",\"inLanguage\":\"en-US\",\"@id\":\"https:\/\/fcfn.org\/programa-apadrinando-suenos\/#primaryimage\",\"url\":\"https:\/\/fcfn.org\/wp-content\/uploads\/2017\/07\/17679054468_9ec613510c_o.jpg\",\"contentUrl\":\"https:\/\/fcfn.org\/wp-content\/uploads\/2017\/07\/17679054468_9ec613510c_o.jpg\",\"width\":1800,\"height\":607},{\"@type\":\"BreadcrumbList\",\"@id\":\"https:\/\/fcfn.org\/programa-apadrinando-suenos\/#breadcrumb\",\"itemListElement\":[{\"@type\":\"ListItem\",\"position\":1,\"name\":\"Inicio\",\"item\":\"https:\/\/fcfn.org\/\"},{\"@type\":\"ListItem\",\"position\":2,\"name\":\"Programa Apadrinando sue\u00f1os\"}]},{\"@type\":\"WebSite\",\"@id\":\"https:\/\/fcfn.org\/en\/#website\",\"url\":\"https:\/\/fcfn.org\/en\/\",\"name\":\"Fundaci\u00f3n Comunitaria de la Frontera Norte, A.C.\",\"description\":\"Fundaci\u00f3n Comunitaria de la Frontera Norte, A.C.\",\"publisher\":{\"@id\":\"https:\/\/fcfn.org\/en\/#organization\"},\"potentialAction\":[{\"@type\":\"SearchAction\",\"target\":{\"@type\":\"EntryPoint\",\"urlTemplate\":\"https:\/\/fcfn.org\/en\/?s={search_term_string}\"},\"query-input\":{\"@type\":\"PropertyValueSpecification\",\"valueRequired\":true,\"valueName\":\"search_term_string\"}}],\"inLanguage\":\"en-US\"},{\"@type\":\"Organization\",\"@id\":\"https:\/\/fcfn.org\/en\/#organization\",\"name\":\"Fundaci\u00f3n Comunitaria de la Frontera Norte, A.C.\",\"url\":\"https:\/\/fcfn.org\/en\/\",\"logo\":{\"@type\":\"ImageObject\",\"inLanguage\":\"en-US\",\"@id\":\"https:\/\/fcfn.org\/en\/#\/schema\/logo\/image\/\",\"url\":\"https:\/\/fcfn.org\/wp-content\/uploads\/2023\/04\/Logo_FCNF.jpg\",\"contentUrl\":\"https:\/\/fcfn.org\/wp-content\/uploads\/2023\/04\/Logo_FCNF.jpg\",\"width\":1050,\"height\":964,\"caption\":\"Fundaci\u00f3n Comunitaria de la Frontera Norte, A.C.\"},\"image\":{\"@id\":\"https:\/\/fcfn.org\/en\/#\/schema\/logo\/image\/\"}}]}<\/script>\n<!-- \/ Yoast SEO plugin. -->","yoast_head_json":{"title":"Programa Apadrinando sue\u00f1os - Fundaci\u00f3n Comunitaria de la Frontera Norte, A.C.","robots":{"index":"index","follow":"follow","max-snippet":"max-snippet:-1","max-image-preview":"max-image-preview:large","max-video-preview":"max-video-preview:-1"},"canonical":"https:\/\/fcfn.org\/en\/programa-apadrinando-suenos\/","og_locale":"en_US","og_type":"article","og_title":"Programa Apadrinando sue\u00f1os - Fundaci\u00f3n Comunitaria de la Frontera Norte, A.C.","og_description":"[fusion_builder_container hundred_percent=&#8221;no&#8221; equal_height_columns=&#8221;no&#8221; menu_anchor=&#8221;&#8221; hide_on_mobile=&#8221;small-visibility,medium-visibility,large-visibility&#8221; class=&#8221;&#8221; id=&#8221;&#8221; background_color=&#8221;&#8221; background_image=&#8221;&#8221; background_position=&#8221;center center&#8221; background_repeat=&#8221;no-repeat&#8221; fade=&#8221;no&#8221; background_parallax=&#8221;none&#8221; enable_mobile=&#8221;no&#8221; parallax_speed=&#8221;0.3&#8243; video_mp4=&#8221;&#8221; video_webm=&#8221;&#8221; video_ogv=&#8221;&#8221; video_url=&#8221;&#8221; video_aspect_ratio=&#8221;16:9&#8243; video_loop=&#8221;yes&#8221; video_mute=&#8221;yes&#8221; video_preview_image=&#8221;&#8221; border_size=&#8221;&#8221; border_color=&#8221;&#8221; border_style=&#8221;solid&#8221;][fusion_builder_row][fusion_builder_column type=&#8221;1_1&#8243; layout=&#8221;1_1&#8243; spacing=&#8221;&#8221; center_content=&#8221;no&#8221; hover_type=&#8221;none&#8221; link=&#8221;&#8221; min_height=&#8221;&#8221; hide_on_mobile=&#8221;small-visibility,medium-visibility,large-visibility&#8221; class=&#8221;&#8221; id=&#8221;&#8221; background_color=&#8221;&#8221; background_image=&#8221;&#8221; background_position=&#8221;left top&#8221; background_repeat=&#8221;no-repeat&#8221; border_size=&#8221;0&#8243; border_color=&#8221;&#8221; border_style=&#8221;solid&#8221; border_position=&#8221;all&#8221; padding=&#8221;&#8221; dimension_margin=&#8221;&#8221; animation_type=&#8221;&#8221; animation_direction=&#8221;left&#8221; animation_speed=&#8221;0.3&#8243; animation_offset=&#8221;&#8221; last=&#8221;no&#8221;][fusion_title margin_top=&#8221;&#8221; margin_bottom=&#8221;&#8221; [&hellip;]","og_url":"https:\/\/fcfn.org\/en\/programa-apadrinando-suenos\/","og_site_name":"Fundaci\u00f3n Comunitaria de la Frontera Norte, A.C.","article_modified_time":"2017-07-28T21:45:49+00:00","og_image":[{"width":1800,"height":607,"url":"https:\/\/fcfn.org\/wp-content\/uploads\/2017\/07\/17679054468_9ec613510c_o.jpg","type":"image\/jpeg"}],"twitter_card":"summary_large_image","twitter_misc":{"Est. reading time":"3 minutes"},"schema":{"@context":"https:\/\/schema.org","@graph":[{"@type":"WebPage","@id":"https:\/\/fcfn.org\/programa-apadrinando-suenos\/","url":"https:\/\/fcfn.org\/programa-apadrinando-suenos\/","name":"Programa Apadrinando sue\u00f1os - Fundaci\u00f3n Comunitaria de la Frontera Norte, A.C.","isPartOf":{"@id":"https:\/\/fcfn.org\/en\/#website"},"primaryImageOfPage":{"@id":"https:\/\/fcfn.org\/programa-apadrinando-suenos\/#primaryimage"},"image":{"@id":"https:\/\/fcfn.org\/programa-apadrinando-suenos\/#primaryimage"},"thumbnailUrl":"https:\/\/fcfn.org\/wp-content\/uploads\/2017\/07\/17679054468_9ec613510c_o.jpg","datePublished":"2017-07-28T17:26:31+00:00","dateModified":"2017-07-28T21:45:49+00:00","breadcrumb":{"@id":"https:\/\/fcfn.org\/programa-apadrinando-suenos\/#breadcrumb"},"inLanguage":"en-US","potentialAction":[{"@type":"ReadAction","target":["https:\/\/fcfn.org\/programa-apadrinando-suenos\/"]}]},{"@type":"ImageObject","inLanguage":"en-US","@id":"https:\/\/fcfn.org\/programa-apadrinando-suenos\/#primaryimage","url":"https:\/\/fcfn.org\/wp-content\/uploads\/2017\/07\/17679054468_9ec613510c_o.jpg","contentUrl":"https:\/\/fcfn.org\/wp-content\/uploads\/2017\/07\/17679054468_9ec613510c_o.jpg","width":1800,"height":607},{"@type":"BreadcrumbList","@id":"https:\/\/fcfn.org\/programa-apadrinando-suenos\/#breadcrumb","itemListElement":[{"@type":"ListItem","position":1,"name":"Inicio","item":"https:\/\/fcfn.org\/"},{"@type":"ListItem","position":2,"name":"Programa Apadrinando sue\u00f1os"}]},{"@type":"WebSite","@id":"https:\/\/fcfn.org\/en\/#website","url":"https:\/\/fcfn.org\/en\/","name":"Fundaci\u00f3n Comunitaria de la Frontera Norte, A.C.","description":"Fundaci\u00f3n Comunitaria de la Frontera Norte, A.C.","publisher":{"@id":"https:\/\/fcfn.org\/en\/#organization"},"potentialAction":[{"@type":"SearchAction","target":{"@type":"EntryPoint","urlTemplate":"https:\/\/fcfn.org\/en\/?s={search_term_string}"},"query-input":{"@type":"PropertyValueSpecification","valueRequired":true,"valueName":"search_term_string"}}],"inLanguage":"en-US"},{"@type":"Organization","@id":"https:\/\/fcfn.org\/en\/#organization","name":"Fundaci\u00f3n Comunitaria de la Frontera Norte, A.C.","url":"https:\/\/fcfn.org\/en\/","logo":{"@type":"ImageObject","inLanguage":"en-US","@id":"https:\/\/fcfn.org\/en\/#\/schema\/logo\/image\/","url":"https:\/\/fcfn.org\/wp-content\/uploads\/2023\/04\/Logo_FCNF.jpg","contentUrl":"https:\/\/fcfn.org\/wp-content\/uploads\/2023\/04\/Logo_FCNF.jpg","width":1050,"height":964,"caption":"Fundaci\u00f3n Comunitaria de la Frontera Norte, A.C."},"image":{"@id":"https:\/\/fcfn.org\/en\/#\/schema\/logo\/image\/"}}]}},"_links":{"self":[{"href":"https:\/\/fcfn.org\/en\/wp-json\/wp\/v2\/pages\/599","targetHints":{"allow":["GET"]}}],"collection":[{"href":"https:\/\/fcfn.org\/en\/wp-json\/wp\/v2\/pages"}],"about":[{"href":"https:\/\/fcfn.org\/en\/wp-json\/wp\/v2\/types\/page"}],"author":[{"embeddable":true,"href":"https:\/\/fcfn.org\/en\/wp-json\/wp\/v2\/users\/1"}],"replies":[{"embeddable":true,"href":"https:\/\/fcfn.org\/en\/wp-json\/wp\/v2\/comments?post=599"}],"version-history":[{"count":10,"href":"https:\/\/fcfn.org\/en\/wp-json\/wp\/v2\/pages\/599\/revisions"}],"predecessor-version":[{"id":616,"href":"https:\/\/fcfn.org\/en\/wp-json\/wp\/v2\/pages\/599\/revisions\/616"}],"wp:featuredmedia":[{"embeddable":true,"href":"https:\/\/fcfn.org\/en\/wp-json\/wp\/v2\/media\/607"}],"wp:attachment":[{"href":"https:\/\/fcfn.org\/en\/wp-json\/wp\/v2\/media?parent=599"}],"curies":[{"name":"wp","href":"https:\/\/api.w.org\/{rel}","templated":true}]}}